{"id":3570,"date":"2016-09-13T15:28:54","date_gmt":"2016-09-13T13:28:54","guid":{"rendered":"https:\/\/mecautoes.wpengine.com\/la-fabrica\/"},"modified":"2019-02-01T09:53:55","modified_gmt":"2019-02-01T08:53:55","slug":"lusine","status":"publish","type":"page","link":"https:\/\/www.mecauto.es\/fr\/lusine\/","title":{"rendered":"Fabricants de pi\u00e8ces en bronze"},"content":{"rendered":"<p><div class=\"fusion-fullwidth fullwidth-box fusion-builder-row-1 fusion-flex-container nonhundred-percent-fullwidth non-hundred-percent-height-scrolling\" style=\"--awb-background-position:left top;--awb-border-radius-top-left:0px;--awb-border-radius-top-right:0px;--awb-border-radius-bottom-right:0px;--awb-border-radius-bottom-left:0px;--awb-padding-top:20px;--awb-padding-bottom:20px;--awb-border-sizes-top:0px;--awb-border-sizes-bottom:0px;--awb-flex-wrap:wrap;\" ><div class=\"fusion-builder-row fusion-row fusion-flex-align-items-flex-start fusion-flex-content-wrap\" style=\"max-width:1248px;margin-left: calc(-4% \/ 2 );margin-right: calc(-4% \/ 2 );\"><div class=\"fusion-layout-column fusion_builder_column fusion-builder-column-0 fusion_builder_column_2_3 2_3 fusion-flex-column\" style=\"--awb-bg-size:cover;--awb-width-large:66.6666666667%;--awb-margin-top-large:0px;--awb-spacing-right-large:3.84%;--awb-margin-bottom-large:20px;--awb-spacing-left-large:2.88%;--awb-width-medium:66.6666666667%;--awb-spacing-right-medium:3.84%;--awb-spacing-left-medium:2.88%;--awb-width-small:100%;--awb-spacing-right-small:1.92%;--awb-spacing-left-small:1.92%;\"><div class=\"fusion-column-wrapper fusion-flex-justify-content-flex-start fusion-content-layout-column\"><div class=\"fusion-text fusion-text-1\"><h4 class=\"linea-inferior\">Pi\u00e8ces en bronze et bronze autolubrifi\u00e9 suivant le plan du client.<\/h4>\n<p>MECAUTO, entreprise formant partie du Grupo Wisco, est sp\u00e9cialis\u00e9e dans la production de pi\u00e8ces de bronze usin\u00e9es pr\u00eates pour son utilisation par le client.<\/p>\n<p>Nous nous adaptons aux besoins de nos clients disposant d\u2019une capacit\u00e9 productive flexible aussi bien pour <strong>les pi\u00e8ces unitaires comme pour les lots ou s\u00e9ries plus importantes, en gardant toujours des d\u00e9lais ajust\u00e9s..<\/strong><\/p>\n<p>Nos moyens de production et de contr\u00f4le nous permettent de respecter les tol\u00e9rances et les sp\u00e9cifications \u00e9tablies par nos clients, en atteignant un haut niveau de pr\u00e9cision.<\/p>\n<\/div><\/div><\/div><div class=\"fusion-layout-column fusion_builder_column fusion-builder-column-1 fusion_builder_column_1_3 1_3 fusion-flex-column\" style=\"--awb-bg-size:cover;--awb-width-large:33.3333333333%;--awb-margin-top-large:0px;--awb-spacing-right-large:5.76%;--awb-margin-bottom-large:20px;--awb-spacing-left-large:3.83999999999%;--awb-width-medium:33.3333333333%;--awb-spacing-right-medium:5.76%;--awb-spacing-left-medium:3.83999999999%;--awb-width-small:100%;--awb-spacing-right-small:1.92%;--awb-spacing-left-small:1.92%;\"><div class=\"fusion-column-wrapper fusion-flex-justify-content-flex-start fusion-content-layout-column\"><div class=\"fusion-image-element \" style=\"--awb-caption-title-font-family:var(--h2_typography-font-family);--awb-caption-title-font-weight:var(--h2_typography-font-weight);--awb-caption-title-font-style:var(--h2_typography-font-style);--awb-caption-title-size:var(--h2_typography-font-size);--awb-caption-title-transform:var(--h2_typography-text-transform);--awb-caption-title-line-height:var(--h2_typography-line-height);--awb-caption-title-letter-spacing:var(--h2_typography-letter-spacing);\"><span class=\" fusion-imageframe imageframe-none imageframe-1 hover-type-none\"><img decoding=\"async\" width=\"600\" height=\"400\" title=\"bodegon-piezas-mecauto\" src=\"https:\/\/mecautoes.wpengine.com\/wp-content\/uploads\/2018\/11\/bodegon-piezas-mecauto.jpg\" alt class=\"img-responsive wp-image-3032\" srcset=\"https:\/\/www.mecauto.es\/wp-content\/uploads\/2018\/11\/bodegon-piezas-mecauto-200x133.jpg 200w, https:\/\/www.mecauto.es\/wp-content\/uploads\/2018\/11\/bodegon-piezas-mecauto-400x267.jpg 400w, https:\/\/www.mecauto.es\/wp-content\/uploads\/2018\/11\/bodegon-piezas-mecauto.jpg 600w\" sizes=\"(max-width: 640px) 100vw, 400px\" \/><\/span><\/div><\/div><\/div><\/div><\/div><div class=\"fusion-fullwidth fullwidth-box fusion-builder-row-2 fusion-flex-container nonhundred-percent-fullwidth non-hundred-percent-height-scrolling\" style=\"--awb-background-position:left top;--awb-border-radius-top-left:0px;--awb-border-radius-top-right:0px;--awb-border-radius-bottom-right:0px;--awb-border-radius-bottom-left:0px;--awb-padding-top:20px;--awb-padding-bottom:20px;--awb-border-sizes-top:0px;--awb-border-sizes-bottom:0px;--awb-flex-wrap:wrap;\" ><div class=\"fusion-builder-row fusion-row fusion-flex-align-items-stretch fusion-flex-content-wrap\" style=\"max-width:1248px;margin-left: calc(-4% \/ 2 );margin-right: calc(-4% \/ 2 );\"><div class=\"fusion-layout-column fusion_builder_column fusion-builder-column-2 fusion_builder_column_2_3 2_3 fusion-flex-column\" style=\"--awb-bg-size:cover;--awb-width-large:66.6666666667%;--awb-margin-top-large:0px;--awb-spacing-right-large:3.84%;--awb-margin-bottom-large:20px;--awb-spacing-left-large:2.88%;--awb-width-medium:66.6666666667%;--awb-spacing-right-medium:3.84%;--awb-spacing-left-medium:2.88%;--awb-width-small:100%;--awb-spacing-right-small:1.92%;--awb-spacing-left-small:1.92%;\"><div class=\"fusion-column-wrapper fusion-flex-justify-content-flex-start fusion-content-layout-column\"><div class=\"fusion-text fusion-text-2\"><h4 class=\"linea-inferior\">Connaissance du bronze<\/h4>\n<p>Le bronze est id\u00e9al pour son utilisation dans des coussinets de frottement du fait de son bas coefficient de frottement, son \u00e9lev\u00e9e transmission thermique en plus de ses bonnes caract\u00e9ristiques de duret\u00e9, t\u00e9nacit\u00e9 et r\u00e9sistance \u00e0 la corrosion.<\/p>\n<p>\u00c0 Mecauto nous comptons avec 30 ans d\u2019exp\u00e9rience dans l\u2019usinage de bronze de diff\u00e9rents alliages, ce qui nous permet de contr\u00f4ler les processus d\u2019usinage n\u00e9cessaires pour les diff\u00e9rents mat\u00e9riaux et obtenir ainsi un r\u00e9sultat optimal. De plus, du fait que nous travaillons exclusivement avec des bronzes proc\u00e9dant de la fonderie de notre groupe, nous pouvons garantir un produit uniforme et de qualit\u00e9 maximale.<\/p>\n<\/div><\/div><\/div><div class=\"fusion-layout-column fusion_builder_column fusion-builder-column-3 fusion_builder_column_1_3 1_3 fusion-flex-column\" style=\"--awb-bg-size:cover;--awb-width-large:33.3333333333%;--awb-margin-top-large:0px;--awb-spacing-right-large:5.76%;--awb-margin-bottom-large:20px;--awb-spacing-left-large:3.83999999999%;--awb-width-medium:33.3333333333%;--awb-spacing-right-medium:5.76%;--awb-spacing-left-medium:3.83999999999%;--awb-width-small:100%;--awb-spacing-right-small:1.92%;--awb-spacing-left-small:1.92%;\"><div class=\"fusion-column-wrapper fusion-flex-justify-content-center fusion-content-layout-column\"><div class=\"fusion-image-element \" style=\"--awb-caption-title-font-family:var(--h2_typography-font-family);--awb-caption-title-font-weight:var(--h2_typography-font-weight);--awb-caption-title-font-style:var(--h2_typography-font-style);--awb-caption-title-size:var(--h2_typography-font-size);--awb-caption-title-transform:var(--h2_typography-text-transform);--awb-caption-title-line-height:var(--h2_typography-line-height);--awb-caption-title-letter-spacing:var(--h2_typography-letter-spacing);\"><span class=\" fusion-imageframe imageframe-none imageframe-2 hover-type-none\"><img decoding=\"async\" width=\"480\" height=\"320\" title=\"conocimiento-del-bronce-3\" src=\"https:\/\/mecautoes.wpengine.com\/wp-content\/uploads\/2018\/12\/conocimiento-del-bronce-3.jpg\" alt class=\"img-responsive wp-image-3145\" srcset=\"https:\/\/www.mecauto.es\/wp-content\/uploads\/2018\/12\/conocimiento-del-bronce-3-200x133.jpg 200w, https:\/\/www.mecauto.es\/wp-content\/uploads\/2018\/12\/conocimiento-del-bronce-3-400x267.jpg 400w, https:\/\/www.mecauto.es\/wp-content\/uploads\/2018\/12\/conocimiento-del-bronce-3.jpg 480w\" sizes=\"(max-width: 640px) 100vw, 400px\" \/><\/span><\/div><\/div><\/div><\/div><\/div><div class=\"fusion-fullwidth fullwidth-box fusion-builder-row-3 fusion-flex-container grupo-wisco nonhundred-percent-fullwidth non-hundred-percent-height-scrolling\" style=\"--awb-border-radius-top-left:0px;--awb-border-radius-top-right:0px;--awb-border-radius-bottom-right:0px;--awb-border-radius-bottom-left:0px;--awb-padding-top:60px;--awb-padding-bottom:20px;--awb-background-color:#f9f9f9;--awb-flex-wrap:wrap;\" ><div class=\"fusion-builder-row fusion-row fusion-flex-align-items-flex-start fusion-flex-content-wrap\" style=\"max-width:calc( 1200px + 0px );margin-left: calc(-0px \/ 2 );margin-right: calc(-0px \/ 2 );\"><div class=\"fusion-layout-column fusion_builder_column fusion-builder-column-4 fusion_builder_column_1_1 1_1 fusion-flex-column\" style=\"--awb-bg-size:cover;--awb-width-large:100%;--awb-margin-top-large:0px;--awb-spacing-right-large:0px;--awb-margin-bottom-large:20px;--awb-spacing-left-large:0px;--awb-width-medium:100%;--awb-spacing-right-medium:0px;--awb-spacing-left-medium:0px;--awb-width-small:100%;--awb-spacing-right-small:0px;--awb-spacing-left-small:0px;\"><div class=\"fusion-column-wrapper fusion-flex-justify-content-flex-start fusion-content-layout-column\"><div class=\"fusion-text fusion-text-3\"><ul class=\"iconos-info-destacada\">\n<li class=\"col-md-2 col-sm-4 col-xs-6 piezas\">Pi\u00e8ces en bronze usin\u00e9es<\/li>\n<li class=\"col-md-2 col-sm-4 col-xs-6 plano\">Fabrication suivant plan du client<\/li>\n<li class=\"col-md-2 col-sm-4 col-xs-6 integrada\">Production int\u00e9gr\u00e9e<\/li>\n<li class=\"col-md-2 col-sm-4 col-xs-6 internacional\">Service international<\/li>\n<li class=\"col-md-2 col-sm-4 col-xs-6 experiencia\">30 ans d\u2019exp\u00e9rience.<\/li>\n<li class=\"col-md-2 col-sm-4 col-xs-6 series\">Pi\u00e8ces unitaires ou s\u00e9ries<\/li>\n<\/ul>\n<\/div><\/div><\/div><\/div><\/div><\/p>\n","protected":false},"excerpt":{"rendered":"","protected":false},"author":127,"featured_media":0,"parent":0,"menu_order":1,"comment_status":"closed","ping_status":"closed","template":"100-width.php","meta":{"footnotes":""},"class_list":["post-3570","page","type-page","status-publish","hentry"],"yoast_head":"<!-- This site is optimized with the Yoast SEO plugin v23.8 - https:\/\/yoast.com\/wordpress\/plugins\/seo\/ -->\n<title>Fabrication de pi\u00e8ces en bronze et en bronze autolubrifi\u00e9 | Mecauto<\/title>\n<meta name=\"description\" content=\"Mecauto est un sp\u00e9cialiste depuis 1989 de la fabrication de pi\u00e8ces en bronze et en bronze autolubrifi\u00e9es selon le plan: enveloppes, plaques.\" \/>\n<meta name=\"robots\" content=\"index, follow, max-snippet:-1, max-image-preview:large, max-video-preview:-1\" \/>\n<link rel=\"canonical\" href=\"https:\/\/www.mecauto.es\/la-fabrica\/\" \/>\n<meta property=\"og:locale\" content=\"fr_FR\" \/>\n<meta property=\"og:type\" content=\"article\" \/>\n<meta property=\"og:title\" content=\"Fabrication de pi\u00e8ces en bronze et en bronze autolubrifi\u00e9 | Mecauto\" \/>\n<meta property=\"og:description\" content=\"Mecauto est un sp\u00e9cialiste depuis 1989 de la fabrication de pi\u00e8ces en bronze et en bronze autolubrifi\u00e9es selon le plan: enveloppes, plaques.\" \/>\n<meta property=\"og:url\" content=\"https:\/\/www.mecauto.es\/la-fabrica\/\" \/>\n<meta property=\"og:site_name\" content=\"Mecauto\" \/>\n<meta property=\"article:modified_time\" content=\"2019-02-01T08:53:55+00:00\" \/>\n<meta name=\"twitter:card\" content=\"summary_large_image\" \/>\n<meta name=\"twitter:label1\" content=\"Dur\u00e9e de lecture est.\" \/>\n\t<meta name=\"twitter:data1\" content=\"6 minutes\" \/>\n<script type=\"application\/ld+json\" class=\"yoast-schema-graph\">{\"@context\":\"https:\/\/schema.org\",\"@graph\":[{\"@type\":\"WebPage\",\"@id\":\"https:\/\/www.mecauto.es\/la-fabrica\/\",\"url\":\"https:\/\/www.mecauto.es\/la-fabrica\/\",\"name\":\"Fabrication de pi\u00e8ces en bronze et en bronze autolubrifi\u00e9 | Mecauto\",\"isPartOf\":{\"@id\":\"https:\/\/www.mecauto.es\/#website\"},\"datePublished\":\"2016-09-13T13:28:54+00:00\",\"dateModified\":\"2019-02-01T08:53:55+00:00\",\"description\":\"Mecauto est un sp\u00e9cialiste depuis 1989 de la fabrication de pi\u00e8ces en bronze et en bronze autolubrifi\u00e9es selon le plan: enveloppes, plaques.\",\"breadcrumb\":{\"@id\":\"https:\/\/www.mecauto.es\/la-fabrica\/#breadcrumb\"},\"inLanguage\":\"fr-FR\",\"potentialAction\":[{\"@type\":\"ReadAction\",\"target\":[\"https:\/\/www.mecauto.es\/la-fabrica\/\"]}]},{\"@type\":\"BreadcrumbList\",\"@id\":\"https:\/\/www.mecauto.es\/la-fabrica\/#breadcrumb\",\"itemListElement\":[{\"@type\":\"ListItem\",\"position\":1,\"name\":\"Portada\",\"item\":\"https:\/\/www.mecauto.es\/\"},{\"@type\":\"ListItem\",\"position\":2,\"name\":\"Fabricants de pi\u00e8ces en bronze\"}]},{\"@type\":\"WebSite\",\"@id\":\"https:\/\/www.mecauto.es\/#website\",\"url\":\"https:\/\/www.mecauto.es\/\",\"name\":\"Mecauto\",\"description\":\"\",\"potentialAction\":[{\"@type\":\"SearchAction\",\"target\":{\"@type\":\"EntryPoint\",\"urlTemplate\":\"https:\/\/www.mecauto.es\/?s={search_term_string}\"},\"query-input\":{\"@type\":\"PropertyValueSpecification\",\"valueRequired\":true,\"valueName\":\"search_term_string\"}}],\"inLanguage\":\"fr-FR\"}]}<\/script>\n<!-- \/ Yoast SEO plugin. -->","yoast_head_json":{"title":"Fabrication de pi\u00e8ces en bronze et en bronze autolubrifi\u00e9 | Mecauto","description":"Mecauto est un sp\u00e9cialiste depuis 1989 de la fabrication de pi\u00e8ces en bronze et en bronze autolubrifi\u00e9es selon le plan: enveloppes, plaques.","robots":{"index":"index","follow":"follow","max-snippet":"max-snippet:-1","max-image-preview":"max-image-preview:large","max-video-preview":"max-video-preview:-1"},"canonical":"https:\/\/www.mecauto.es\/la-fabrica\/","og_locale":"fr_FR","og_type":"article","og_title":"Fabrication de pi\u00e8ces en bronze et en bronze autolubrifi\u00e9 | Mecauto","og_description":"Mecauto est un sp\u00e9cialiste depuis 1989 de la fabrication de pi\u00e8ces en bronze et en bronze autolubrifi\u00e9es selon le plan: enveloppes, plaques.","og_url":"https:\/\/www.mecauto.es\/la-fabrica\/","og_site_name":"Mecauto","article_modified_time":"2019-02-01T08:53:55+00:00","twitter_card":"summary_large_image","twitter_misc":{"Dur\u00e9e de lecture est.":"6 minutes"},"schema":{"@context":"https:\/\/schema.org","@graph":[{"@type":"WebPage","@id":"https:\/\/www.mecauto.es\/la-fabrica\/","url":"https:\/\/www.mecauto.es\/la-fabrica\/","name":"Fabrication de pi\u00e8ces en bronze et en bronze autolubrifi\u00e9 | Mecauto","isPartOf":{"@id":"https:\/\/www.mecauto.es\/#website"},"datePublished":"2016-09-13T13:28:54+00:00","dateModified":"2019-02-01T08:53:55+00:00","description":"Mecauto est un sp\u00e9cialiste depuis 1989 de la fabrication de pi\u00e8ces en bronze et en bronze autolubrifi\u00e9es selon le plan: enveloppes, plaques.","breadcrumb":{"@id":"https:\/\/www.mecauto.es\/la-fabrica\/#breadcrumb"},"inLanguage":"fr-FR","potentialAction":[{"@type":"ReadAction","target":["https:\/\/www.mecauto.es\/la-fabrica\/"]}]},{"@type":"BreadcrumbList","@id":"https:\/\/www.mecauto.es\/la-fabrica\/#breadcrumb","itemListElement":[{"@type":"ListItem","position":1,"name":"Portada","item":"https:\/\/www.mecauto.es\/"},{"@type":"ListItem","position":2,"name":"Fabricants de pi\u00e8ces en bronze"}]},{"@type":"WebSite","@id":"https:\/\/www.mecauto.es\/#website","url":"https:\/\/www.mecauto.es\/","name":"Mecauto","description":"","potentialAction":[{"@type":"SearchAction","target":{"@type":"EntryPoint","urlTemplate":"https:\/\/www.mecauto.es\/?s={search_term_string}"},"query-input":{"@type":"PropertyValueSpecification","valueRequired":true,"valueName":"search_term_string"}}],"inLanguage":"fr-FR"}]}},"_links":{"self":[{"href":"https:\/\/www.mecauto.es\/fr\/wp-json\/wp\/v2\/pages\/3570","targetHints":{"allow":["GET"]}}],"collection":[{"href":"https:\/\/www.mecauto.es\/fr\/wp-json\/wp\/v2\/pages"}],"about":[{"href":"https:\/\/www.mecauto.es\/fr\/wp-json\/wp\/v2\/types\/page"}],"author":[{"embeddable":true,"href":"https:\/\/www.mecauto.es\/fr\/wp-json\/wp\/v2\/users\/127"}],"replies":[{"embeddable":true,"href":"https:\/\/www.mecauto.es\/fr\/wp-json\/wp\/v2\/comments?post=3570"}],"version-history":[{"count":0,"href":"https:\/\/www.mecauto.es\/fr\/wp-json\/wp\/v2\/pages\/3570\/revisions"}],"wp:attachment":[{"href":"https:\/\/www.mecauto.es\/fr\/wp-json\/wp\/v2\/media?parent=3570"}],"curies":[{"name":"wp","href":"https:\/\/api.w.org\/{rel}","templated":true}]}}