{"id":3550,"date":"2016-09-13T17:08:16","date_gmt":"2016-09-13T15:08:16","guid":{"rendered":"https:\/\/mecautoes.wpengine.com\/produccion\/"},"modified":"2019-02-01T10:00:13","modified_gmt":"2019-02-01T09:00:13","slug":"production-ultramodernes-dans","status":"publish","type":"page","link":"https:\/\/www.mecauto.es\/fr\/lusine\/production-ultramodernes-dans\/","title":{"rendered":"Production"},"content":{"rendered":"<div class=\"fusion-fullwidth fullwidth-box fusion-builder-row-1 fusion-flex-container nonhundred-percent-fullwidth non-hundred-percent-height-scrolling\" style=\"--awb-border-radius-top-left:0px;--awb-border-radius-top-right:0px;--awb-border-radius-bottom-right:0px;--awb-border-radius-bottom-left:0px;--awb-flex-wrap:wrap;\" ><div class=\"fusion-builder-row fusion-row fusion-flex-align-items-flex-start fusion-flex-content-wrap\" style=\"max-width:1248px;margin-left: calc(-4% \/ 2 );margin-right: calc(-4% \/ 2 );\"><div class=\"fusion-layout-column fusion_builder_column fusion-builder-column-0 fusion_builder_column_1_2 1_2 fusion-flex-column\" style=\"--awb-bg-size:cover;--awb-width-large:50%;--awb-margin-top-large:0px;--awb-spacing-right-large:3.84%;--awb-margin-bottom-large:20px;--awb-spacing-left-large:3.84%;--awb-width-medium:50%;--awb-spacing-right-medium:3.84%;--awb-spacing-left-medium:3.84%;--awb-width-small:100%;--awb-spacing-right-small:1.92%;--awb-spacing-left-small:1.92%;\"><div class=\"fusion-column-wrapper fusion-flex-justify-content-flex-start fusion-content-layout-column\"><div class=\"fusion-image-element \" style=\"text-align:center;--awb-caption-title-font-family:var(--h2_typography-font-family);--awb-caption-title-font-weight:var(--h2_typography-font-weight);--awb-caption-title-font-style:var(--h2_typography-font-style);--awb-caption-title-size:var(--h2_typography-font-size);--awb-caption-title-transform:var(--h2_typography-text-transform);--awb-caption-title-line-height:var(--h2_typography-line-height);--awb-caption-title-letter-spacing:var(--h2_typography-letter-spacing);\"><span class=\" fusion-imageframe imageframe-none imageframe-1 hover-type-none\"><img decoding=\"async\" width=\"600\" height=\"429\" title=\"Produccion\" src=\"https:\/\/mecautoes.wpengine.com\/wp-content\/uploads\/2018\/12\/Produccion.jpg\" alt class=\"img-responsive wp-image-3120\" srcset=\"https:\/\/www.mecauto.es\/wp-content\/uploads\/2018\/12\/Produccion-200x143.jpg 200w, https:\/\/www.mecauto.es\/wp-content\/uploads\/2018\/12\/Produccion-400x286.jpg 400w, https:\/\/www.mecauto.es\/wp-content\/uploads\/2018\/12\/Produccion.jpg 600w\" sizes=\"(max-width: 640px) 100vw, 600px\" \/><\/span><\/div><\/div><\/div><div class=\"fusion-layout-column fusion_builder_column fusion-builder-column-1 fusion_builder_column_1_2 1_2 fusion-flex-column\" style=\"--awb-bg-size:cover;--awb-width-large:50%;--awb-margin-top-large:0px;--awb-spacing-right-large:3.84%;--awb-margin-bottom-large:20px;--awb-spacing-left-large:3.84%;--awb-width-medium:50%;--awb-spacing-right-medium:3.84%;--awb-spacing-left-medium:3.84%;--awb-width-small:100%;--awb-spacing-right-small:1.92%;--awb-spacing-left-small:1.92%;\"><div class=\"fusion-column-wrapper fusion-flex-justify-content-flex-start fusion-content-layout-column\"><div class=\"fusion-image-element \" style=\"text-align:center;--awb-caption-title-font-family:var(--h2_typography-font-family);--awb-caption-title-font-weight:var(--h2_typography-font-weight);--awb-caption-title-font-style:var(--h2_typography-font-style);--awb-caption-title-size:var(--h2_typography-font-size);--awb-caption-title-transform:var(--h2_typography-text-transform);--awb-caption-title-line-height:var(--h2_typography-line-height);--awb-caption-title-letter-spacing:var(--h2_typography-letter-spacing);\"><span class=\" fusion-imageframe imageframe-none imageframe-2 hover-type-none\"><img decoding=\"async\" width=\"600\" height=\"429\" title=\"Produccion-4\" src=\"https:\/\/mecautoes.wpengine.com\/wp-content\/uploads\/2018\/12\/Produccion-4.jpg\" alt class=\"img-responsive wp-image-3156\" srcset=\"https:\/\/www.mecauto.es\/wp-content\/uploads\/2018\/12\/Produccion-4-200x143.jpg 200w, https:\/\/www.mecauto.es\/wp-content\/uploads\/2018\/12\/Produccion-4-400x286.jpg 400w, https:\/\/www.mecauto.es\/wp-content\/uploads\/2018\/12\/Produccion-4.jpg 600w\" sizes=\"(max-width: 640px) 100vw, 600px\" \/><\/span><\/div><\/div><\/div><div class=\"fusion-layout-column fusion_builder_column fusion-builder-column-2 fusion_builder_column_1_1 1_1 fusion-flex-column\" style=\"--awb-bg-size:cover;--awb-width-large:100%;--awb-margin-top-large:0px;--awb-spacing-right-large:1.92%;--awb-margin-bottom-large:20px;--awb-spacing-left-large:1.92%;--awb-width-medium:100%;--awb-spacing-right-medium:1.92%;--awb-spacing-left-medium:1.92%;--awb-width-small:100%;--awb-spacing-right-small:1.92%;--awb-spacing-left-small:1.92%;\"><div class=\"fusion-column-wrapper fusion-flex-justify-content-flex-start fusion-content-layout-column\"><div class=\"fusion-separator fusion-full-width-sep\" style=\"align-self: center;margin-left: auto;margin-right: auto;margin-top:20px;margin-bottom:20px;width:100%;\"><\/div><\/div><\/div><\/div><\/div>\n","protected":false},"excerpt":{"rendered":"","protected":false},"author":127,"featured_media":0,"parent":3570,"menu_order":0,"comment_status":"closed","ping_status":"closed","template":"100-width.php","meta":{"footnotes":""},"class_list":["post-3550","page","type-page","status-publish","hentry"],"yoast_head":"<!-- This site is optimized with the Yoast SEO plugin v23.8 - https:\/\/yoast.com\/wordpress\/plugins\/seo\/ -->\n<title>Production | Mecauto<\/title>\n<meta name=\"description\" content=\"MECAUTO dispose d&#039;installations de production ultramodernes (tours, centres d&#039;usinage, rectifieuses) d&#039;\u00e9quipements modernes de v\u00e9rification et de contr\u00f4le\" \/>\n<meta name=\"robots\" content=\"index, follow, max-snippet:-1, max-image-preview:large, max-video-preview:-1\" \/>\n<link rel=\"canonical\" href=\"https:\/\/www.mecauto.es\/la-fabrica\/produccion\/\" \/>\n<meta property=\"og:locale\" content=\"fr_FR\" \/>\n<meta property=\"og:type\" content=\"article\" \/>\n<meta property=\"og:title\" content=\"Production | Mecauto\" \/>\n<meta property=\"og:description\" content=\"MECAUTO dispose d&#039;installations de production ultramodernes (tours, centres d&#039;usinage, rectifieuses) d&#039;\u00e9quipements modernes de v\u00e9rification et de contr\u00f4le\" \/>\n<meta property=\"og:url\" content=\"https:\/\/www.mecauto.es\/la-fabrica\/produccion\/\" \/>\n<meta property=\"og:site_name\" content=\"Mecauto\" \/>\n<meta property=\"article:modified_time\" content=\"2019-02-01T09:00:13+00:00\" \/>\n<meta name=\"twitter:card\" content=\"summary_large_image\" \/>\n<meta name=\"twitter:label1\" content=\"Dur\u00e9e de lecture est.\" \/>\n\t<meta name=\"twitter:data1\" content=\"2 minutes\" \/>\n<script type=\"application\/ld+json\" class=\"yoast-schema-graph\">{\"@context\":\"https:\/\/schema.org\",\"@graph\":[{\"@type\":\"WebPage\",\"@id\":\"https:\/\/www.mecauto.es\/la-fabrica\/produccion\/\",\"url\":\"https:\/\/www.mecauto.es\/la-fabrica\/produccion\/\",\"name\":\"Production | Mecauto\",\"isPartOf\":{\"@id\":\"https:\/\/www.mecauto.es\/#website\"},\"datePublished\":\"2016-09-13T15:08:16+00:00\",\"dateModified\":\"2019-02-01T09:00:13+00:00\",\"description\":\"MECAUTO dispose d'installations de production ultramodernes (tours, centres d'usinage, rectifieuses) d'\u00e9quipements modernes de v\u00e9rification et de contr\u00f4le\",\"breadcrumb\":{\"@id\":\"https:\/\/www.mecauto.es\/la-fabrica\/produccion\/#breadcrumb\"},\"inLanguage\":\"fr-FR\",\"potentialAction\":[{\"@type\":\"ReadAction\",\"target\":[\"https:\/\/www.mecauto.es\/la-fabrica\/produccion\/\"]}]},{\"@type\":\"BreadcrumbList\",\"@id\":\"https:\/\/www.mecauto.es\/la-fabrica\/produccion\/#breadcrumb\",\"itemListElement\":[{\"@type\":\"ListItem\",\"position\":1,\"name\":\"Portada\",\"item\":\"https:\/\/www.mecauto.es\/\"},{\"@type\":\"ListItem\",\"position\":2,\"name\":\"Fabricants de pi\u00e8ces en bronze\",\"item\":\"https:\/\/www.mecauto.es\/la-fabrica\/\"},{\"@type\":\"ListItem\",\"position\":3,\"name\":\"Production\"}]},{\"@type\":\"WebSite\",\"@id\":\"https:\/\/www.mecauto.es\/#website\",\"url\":\"https:\/\/www.mecauto.es\/\",\"name\":\"Mecauto\",\"description\":\"\",\"potentialAction\":[{\"@type\":\"SearchAction\",\"target\":{\"@type\":\"EntryPoint\",\"urlTemplate\":\"https:\/\/www.mecauto.es\/?s={search_term_string}\"},\"query-input\":{\"@type\":\"PropertyValueSpecification\",\"valueRequired\":true,\"valueName\":\"search_term_string\"}}],\"inLanguage\":\"fr-FR\"}]}<\/script>\n<!-- \/ Yoast SEO plugin. -->","yoast_head_json":{"title":"Production | Mecauto","description":"MECAUTO dispose d'installations de production ultramodernes (tours, centres d'usinage, rectifieuses) d'\u00e9quipements modernes de v\u00e9rification et de contr\u00f4le","robots":{"index":"index","follow":"follow","max-snippet":"max-snippet:-1","max-image-preview":"max-image-preview:large","max-video-preview":"max-video-preview:-1"},"canonical":"https:\/\/www.mecauto.es\/la-fabrica\/produccion\/","og_locale":"fr_FR","og_type":"article","og_title":"Production | Mecauto","og_description":"MECAUTO dispose d'installations de production ultramodernes (tours, centres d'usinage, rectifieuses) d'\u00e9quipements modernes de v\u00e9rification et de contr\u00f4le","og_url":"https:\/\/www.mecauto.es\/la-fabrica\/produccion\/","og_site_name":"Mecauto","article_modified_time":"2019-02-01T09:00:13+00:00","twitter_card":"summary_large_image","twitter_misc":{"Dur\u00e9e de lecture est.":"2 minutes"},"schema":{"@context":"https:\/\/schema.org","@graph":[{"@type":"WebPage","@id":"https:\/\/www.mecauto.es\/la-fabrica\/produccion\/","url":"https:\/\/www.mecauto.es\/la-fabrica\/produccion\/","name":"Production | Mecauto","isPartOf":{"@id":"https:\/\/www.mecauto.es\/#website"},"datePublished":"2016-09-13T15:08:16+00:00","dateModified":"2019-02-01T09:00:13+00:00","description":"MECAUTO dispose d'installations de production ultramodernes (tours, centres d'usinage, rectifieuses) d'\u00e9quipements modernes de v\u00e9rification et de contr\u00f4le","breadcrumb":{"@id":"https:\/\/www.mecauto.es\/la-fabrica\/produccion\/#breadcrumb"},"inLanguage":"fr-FR","potentialAction":[{"@type":"ReadAction","target":["https:\/\/www.mecauto.es\/la-fabrica\/produccion\/"]}]},{"@type":"BreadcrumbList","@id":"https:\/\/www.mecauto.es\/la-fabrica\/produccion\/#breadcrumb","itemListElement":[{"@type":"ListItem","position":1,"name":"Portada","item":"https:\/\/www.mecauto.es\/"},{"@type":"ListItem","position":2,"name":"Fabricants de pi\u00e8ces en bronze","item":"https:\/\/www.mecauto.es\/la-fabrica\/"},{"@type":"ListItem","position":3,"name":"Production"}]},{"@type":"WebSite","@id":"https:\/\/www.mecauto.es\/#website","url":"https:\/\/www.mecauto.es\/","name":"Mecauto","description":"","potentialAction":[{"@type":"SearchAction","target":{"@type":"EntryPoint","urlTemplate":"https:\/\/www.mecauto.es\/?s={search_term_string}"},"query-input":{"@type":"PropertyValueSpecification","valueRequired":true,"valueName":"search_term_string"}}],"inLanguage":"fr-FR"}]}},"_links":{"self":[{"href":"https:\/\/www.mecauto.es\/fr\/wp-json\/wp\/v2\/pages\/3550","targetHints":{"allow":["GET"]}}],"collection":[{"href":"https:\/\/www.mecauto.es\/fr\/wp-json\/wp\/v2\/pages"}],"about":[{"href":"https:\/\/www.mecauto.es\/fr\/wp-json\/wp\/v2\/types\/page"}],"author":[{"embeddable":true,"href":"https:\/\/www.mecauto.es\/fr\/wp-json\/wp\/v2\/users\/127"}],"replies":[{"embeddable":true,"href":"https:\/\/www.mecauto.es\/fr\/wp-json\/wp\/v2\/comments?post=3550"}],"version-history":[{"count":0,"href":"https:\/\/www.mecauto.es\/fr\/wp-json\/wp\/v2\/pages\/3550\/revisions"}],"up":[{"embeddable":true,"href":"https:\/\/www.mecauto.es\/fr\/wp-json\/wp\/v2\/pages\/3570"}],"wp:attachment":[{"href":"https:\/\/www.mecauto.es\/fr\/wp-json\/wp\/v2\/media?parent=3550"}],"curies":[{"name":"wp","href":"https:\/\/api.w.org\/{rel}","templated":true}]}}