{"id":3522,"date":"2016-09-20T16:34:08","date_gmt":"2016-09-20T14:34:08","guid":{"rendered":"https:\/\/mecautoes.wpengine.com\/caracteristicas-tecnicas-bg\/"},"modified":"2019-02-04T16:25:46","modified_gmt":"2019-02-04T15:25:46","slug":"caracteristiques-techniques-bg","status":"publish","type":"page","link":"https:\/\/www.mecauto.es\/fr\/coussinets-bronze-autolubrifies\/caracteristiques-techniques-bg\/","title":{"rendered":"Caract\u00e9ristiques techniques BG"},"content":{"rendered":"<p><div class=\"fusion-fullwidth fullwidth-box fusion-builder-row-1 fusion-flex-container nonhundred-percent-fullwidth non-hundred-percent-height-scrolling\" style=\"--awb-background-position:left top;--awb-border-radius-top-left:0px;--awb-border-radius-top-right:0px;--awb-border-radius-bottom-right:0px;--awb-border-radius-bottom-left:0px;--awb-padding-top:20px;--awb-padding-bottom:20px;--awb-border-sizes-top:0px;--awb-border-sizes-bottom:0px;--awb-flex-wrap:wrap;\" ><div class=\"fusion-builder-row fusion-row fusion-flex-align-items-flex-start fusion-flex-content-wrap\" style=\"max-width:calc( 1200px + 0px );margin-left: calc(-0px \/ 2 );margin-right: calc(-0px \/ 2 );\"><div class=\"fusion-layout-column fusion_builder_column fusion-builder-column-0 fusion_builder_column_1_1 1_1 fusion-flex-column\" style=\"--awb-bg-size:cover;--awb-width-large:100%;--awb-margin-top-large:0px;--awb-spacing-right-large:0px;--awb-margin-bottom-large:20px;--awb-spacing-left-large:0px;--awb-width-medium:100%;--awb-spacing-right-medium:0px;--awb-spacing-left-medium:0px;--awb-width-small:100%;--awb-spacing-right-small:0px;--awb-spacing-left-small:0px;\"><div class=\"fusion-column-wrapper fusion-flex-justify-content-flex-start fusion-content-layout-column\"><div class=\"fusion-widget-area awb-widget-area-element fusion-widget-area-1 fusion-content-widget-area widget-portada-seccion\" style=\"--awb-title-size:18px;--awb-title-color:#000000;--awb-padding:0px 0px 0px 0px;\"><div id=\"menu-widget-3\" class=\"widget menu\"><style type=\"text\/css\">#menu-widget-3{text-align:center;}#fusion-menu-widget-3 li{display:inline-block;}#fusion-menu-widget-3 ul li a{display:inline-block;padding:0;border:0;color:#000;font-size:14px;}#fusion-menu-widget-3 ul li a:after{content:\"\";color:#000;padding-right:;padding-left:;font-size:14px;}#fusion-menu-widget-3 ul li a:hover,#fusion-menu-widget-3 ul .menu-item.current-menu-item a{color:#fff;}#fusion-menu-widget-3 ul li:last-child a:after{display:none;}#fusion-menu-widget-3 ul li .fusion-widget-cart-number{margin:0 7px;background-color:#fff;color:#000;}#fusion-menu-widget-3 ul li.fusion-active-cart-icon .fusion-widget-cart-icon:after{color:#fff;}<\/style><nav id=\"fusion-menu-widget-3\" class=\"fusion-widget-menu\" aria-label=\"Secondary Navigation: \"><ul id=\"menu-caracteristicas-tecnicas-bg-fr\" class=\"menu\"><li id=\"menu-item-3668\" class=\"menu-item menu-item-type-post_type menu-item-object-page menu-item-3668\"><a href=\"https:\/\/www.mecauto.es\/fr\/coussinets-bronze-autolubrifies\/caracteristiques-techniques-bg\/caracteristiques-generales-des-coussinets-mecauto-bg\/\">Caract\u00e9ristiques g\u00e9n\u00e9rales<\/a><\/li><li id=\"menu-item-3669\" class=\"menu-item menu-item-type-post_type menu-item-object-page menu-item-3669\"><a href=\"https:\/\/www.mecauto.es\/fr\/coussinets-bronze-autolubrifies\/caracteristiques-techniques-bg\/base-metallique\/\">Base metallique<\/a><\/li><li id=\"menu-item-3670\" class=\"menu-item menu-item-type-post_type menu-item-object-page menu-item-3670\"><a href=\"https:\/\/www.mecauto.es\/fr\/coussinets-bronze-autolubrifies\/caracteristiques-techniques-bg\/lubrifiant\/\">Lubrifiant<\/a><\/li><li id=\"menu-item-3671\" class=\"menu-item menu-item-type-post_type menu-item-object-page menu-item-3671\"><a href=\"https:\/\/www.mecauto.es\/fr\/coussinets-bronze-autolubrifies\/caracteristiques-techniques-bg\/pression-et-vitesse\/\">Pression et vitesse<\/a><\/li><li id=\"menu-item-3672\" class=\"menu-item menu-item-type-post_type menu-item-object-page menu-item-3672\"><a href=\"https:\/\/www.mecauto.es\/fr\/coussinets-bronze-autolubrifies\/caracteristiques-techniques-bg\/coefficient-de-frottement\/\">Coefficient de frottement<\/a><\/li><li id=\"menu-item-3673\" class=\"menu-item menu-item-type-post_type menu-item-object-page menu-item-3673\"><a href=\"https:\/\/www.mecauto.es\/fr\/coussinets-bronze-autolubrifies\/caracteristiques-techniques-bg\/dimentions-coussinets\/\">Dimentions coussinets<\/a><\/li><\/ul><\/nav><\/div><div class=\"fusion-additional-widget-content\"><\/div><\/div><\/div><\/div><\/div><\/div><div class=\"fusion-fullwidth fullwidth-box fusion-builder-row-2 fusion-flex-container hundred-percent-fullwidth non-hundred-percent-height-scrolling\" style=\"--awb-border-radius-top-left:0px;--awb-border-radius-top-right:0px;--awb-border-radius-bottom-right:0px;--awb-border-radius-bottom-left:0px;--awb-overflow:visible;--awb-padding-right:16px;--awb-padding-left:16px;--awb-flex-wrap:wrap;\" ><div class=\"fusion-builder-row fusion-row fusion-flex-align-items-flex-start fusion-flex-content-wrap\" style=\"width:calc( 100% + 0px ) !important;max-width:calc( 100% + 0px ) !important;margin-left: calc(-0px \/ 2 );margin-right: calc(-0px \/ 2 );\"><div class=\"fusion-layout-column fusion_builder_column fusion-builder-column-1 fusion_builder_column_1_1 1_1 fusion-flex-column fusion-flex-align-self-flex-start fusion-column-no-min-height\" style=\"--awb-bg-size:cover;--awb-width-large:100%;--awb-margin-top-large:0px;--awb-spacing-right-large:0px;--awb-margin-bottom-large:0px;--awb-spacing-left-large:0px;--awb-width-medium:100%;--awb-spacing-right-medium:0px;--awb-spacing-left-medium:0px;--awb-width-small:100%;--awb-spacing-right-small:0px;--awb-spacing-left-small:0px;\"><div class=\"fusion-column-wrapper fusion-flex-justify-content-flex-start fusion-content-layout-column\"><div class=\"fusion-text fusion-text-1\"><div class=\"fusion-fullwidth fullwidth-box bloque-presupuesto\">\n<div class=\"fusion-row\">\n  <div class=\"col-md-6 col-sm-12\">\n  <h3>\u00cates-vous int\u00e9ress\u00e9 par ce produit ?<\/h3>\n  <p>Demandez un devis sans engagement et sur mesure.<\/p>\n\n  <\/div>\n  <div class=\"col-md-6 col-sm-12\">\n  <a class=\"btn\" href=\"\/fr\/contact\/\">Demandez un devis<\/a>\n  <\/div>\n<\/div>\n<\/div>\n<\/div><\/div><\/div><\/div><\/div><\/p>\n","protected":false},"excerpt":{"rendered":"","protected":false},"author":127,"featured_media":0,"parent":3568,"menu_order":8,"comment_status":"closed","ping_status":"closed","template":"100-width.php","meta":{"footnotes":""},"class_list":["post-3522","page","type-page","status-publish","hentry"],"yoast_head":"<!-- This site is optimized with the Yoast SEO plugin v23.8 - https:\/\/yoast.com\/wordpress\/plugins\/seo\/ -->\n<title>Caract\u00e9ristiques techniques BG | Mecauto<\/title>\n<meta name=\"description\" content=\"Mat\u00e9riau de base : bronze ou laiton avec des lubrifiants solidesDe 20 \u00e0 30% de surface glissante Possibilit\u00e9 d\u2019appliquer un film de rodage\" \/>\n<meta name=\"robots\" content=\"index, follow, max-snippet:-1, max-image-preview:large, max-video-preview:-1\" \/>\n<link rel=\"canonical\" href=\"https:\/\/www.mecauto.es\/cojinetes-de-bronce-autolubricados\/caracteristicas-tecnicas-bg\/\" \/>\n<meta property=\"og:locale\" content=\"fr_FR\" \/>\n<meta property=\"og:type\" content=\"article\" \/>\n<meta property=\"og:title\" content=\"Caract\u00e9ristiques techniques BG | Mecauto\" \/>\n<meta property=\"og:description\" content=\"Mat\u00e9riau de base : bronze ou laiton avec des lubrifiants solidesDe 20 \u00e0 30% de surface glissante Possibilit\u00e9 d\u2019appliquer un film de rodage\" \/>\n<meta property=\"og:url\" content=\"https:\/\/www.mecauto.es\/cojinetes-de-bronce-autolubricados\/caracteristicas-tecnicas-bg\/\" \/>\n<meta property=\"og:site_name\" content=\"Mecauto\" \/>\n<meta property=\"article:modified_time\" content=\"2019-02-04T15:25:46+00:00\" \/>\n<meta name=\"twitter:card\" content=\"summary_large_image\" \/>\n<meta name=\"twitter:label1\" content=\"Dur\u00e9e de lecture est.\" \/>\n\t<meta name=\"twitter:data1\" content=\"1 minute\" \/>\n<script type=\"application\/ld+json\" class=\"yoast-schema-graph\">{\"@context\":\"https:\/\/schema.org\",\"@graph\":[{\"@type\":\"WebPage\",\"@id\":\"https:\/\/www.mecauto.es\/cojinetes-de-bronce-autolubricados\/caracteristicas-tecnicas-bg\/\",\"url\":\"https:\/\/www.mecauto.es\/cojinetes-de-bronce-autolubricados\/caracteristicas-tecnicas-bg\/\",\"name\":\"Caract\u00e9ristiques techniques BG | Mecauto\",\"isPartOf\":{\"@id\":\"https:\/\/www.mecauto.es\/#website\"},\"datePublished\":\"2016-09-20T14:34:08+00:00\",\"dateModified\":\"2019-02-04T15:25:46+00:00\",\"description\":\"Mat\u00e9riau de base : bronze ou laiton avec des lubrifiants solidesDe 20 \u00e0 30% de surface glissante Possibilit\u00e9 d\u2019appliquer un film de rodage\",\"breadcrumb\":{\"@id\":\"https:\/\/www.mecauto.es\/cojinetes-de-bronce-autolubricados\/caracteristicas-tecnicas-bg\/#breadcrumb\"},\"inLanguage\":\"fr-FR\",\"potentialAction\":[{\"@type\":\"ReadAction\",\"target\":[\"https:\/\/www.mecauto.es\/cojinetes-de-bronce-autolubricados\/caracteristicas-tecnicas-bg\/\"]}]},{\"@type\":\"BreadcrumbList\",\"@id\":\"https:\/\/www.mecauto.es\/cojinetes-de-bronce-autolubricados\/caracteristicas-tecnicas-bg\/#breadcrumb\",\"itemListElement\":[{\"@type\":\"ListItem\",\"position\":1,\"name\":\"Portada\",\"item\":\"https:\/\/www.mecauto.es\/\"},{\"@type\":\"ListItem\",\"position\":2,\"name\":\"Coussinets bronze autolubrifi\u00e9s\",\"item\":\"https:\/\/www.mecauto.es\/cojinetes-de-bronce-autolubricados\/\"},{\"@type\":\"ListItem\",\"position\":3,\"name\":\"Caract\u00e9ristiques techniques BG\"}]},{\"@type\":\"WebSite\",\"@id\":\"https:\/\/www.mecauto.es\/#website\",\"url\":\"https:\/\/www.mecauto.es\/\",\"name\":\"Mecauto\",\"description\":\"\",\"potentialAction\":[{\"@type\":\"SearchAction\",\"target\":{\"@type\":\"EntryPoint\",\"urlTemplate\":\"https:\/\/www.mecauto.es\/?s={search_term_string}\"},\"query-input\":{\"@type\":\"PropertyValueSpecification\",\"valueRequired\":true,\"valueName\":\"search_term_string\"}}],\"inLanguage\":\"fr-FR\"}]}<\/script>\n<!-- \/ Yoast SEO plugin. -->","yoast_head_json":{"title":"Caract\u00e9ristiques techniques BG | Mecauto","description":"Mat\u00e9riau de base : bronze ou laiton avec des lubrifiants solidesDe 20 \u00e0 30% de surface glissante Possibilit\u00e9 d\u2019appliquer un film de rodage","robots":{"index":"index","follow":"follow","max-snippet":"max-snippet:-1","max-image-preview":"max-image-preview:large","max-video-preview":"max-video-preview:-1"},"canonical":"https:\/\/www.mecauto.es\/cojinetes-de-bronce-autolubricados\/caracteristicas-tecnicas-bg\/","og_locale":"fr_FR","og_type":"article","og_title":"Caract\u00e9ristiques techniques BG | Mecauto","og_description":"Mat\u00e9riau de base : bronze ou laiton avec des lubrifiants solidesDe 20 \u00e0 30% de surface glissante Possibilit\u00e9 d\u2019appliquer un film de rodage","og_url":"https:\/\/www.mecauto.es\/cojinetes-de-bronce-autolubricados\/caracteristicas-tecnicas-bg\/","og_site_name":"Mecauto","article_modified_time":"2019-02-04T15:25:46+00:00","twitter_card":"summary_large_image","twitter_misc":{"Dur\u00e9e de lecture est.":"1 minute"},"schema":{"@context":"https:\/\/schema.org","@graph":[{"@type":"WebPage","@id":"https:\/\/www.mecauto.es\/cojinetes-de-bronce-autolubricados\/caracteristicas-tecnicas-bg\/","url":"https:\/\/www.mecauto.es\/cojinetes-de-bronce-autolubricados\/caracteristicas-tecnicas-bg\/","name":"Caract\u00e9ristiques techniques BG | Mecauto","isPartOf":{"@id":"https:\/\/www.mecauto.es\/#website"},"datePublished":"2016-09-20T14:34:08+00:00","dateModified":"2019-02-04T15:25:46+00:00","description":"Mat\u00e9riau de base : bronze ou laiton avec des lubrifiants solidesDe 20 \u00e0 30% de surface glissante Possibilit\u00e9 d\u2019appliquer un film de rodage","breadcrumb":{"@id":"https:\/\/www.mecauto.es\/cojinetes-de-bronce-autolubricados\/caracteristicas-tecnicas-bg\/#breadcrumb"},"inLanguage":"fr-FR","potentialAction":[{"@type":"ReadAction","target":["https:\/\/www.mecauto.es\/cojinetes-de-bronce-autolubricados\/caracteristicas-tecnicas-bg\/"]}]},{"@type":"BreadcrumbList","@id":"https:\/\/www.mecauto.es\/cojinetes-de-bronce-autolubricados\/caracteristicas-tecnicas-bg\/#breadcrumb","itemListElement":[{"@type":"ListItem","position":1,"name":"Portada","item":"https:\/\/www.mecauto.es\/"},{"@type":"ListItem","position":2,"name":"Coussinets bronze autolubrifi\u00e9s","item":"https:\/\/www.mecauto.es\/cojinetes-de-bronce-autolubricados\/"},{"@type":"ListItem","position":3,"name":"Caract\u00e9ristiques techniques BG"}]},{"@type":"WebSite","@id":"https:\/\/www.mecauto.es\/#website","url":"https:\/\/www.mecauto.es\/","name":"Mecauto","description":"","potentialAction":[{"@type":"SearchAction","target":{"@type":"EntryPoint","urlTemplate":"https:\/\/www.mecauto.es\/?s={search_term_string}"},"query-input":{"@type":"PropertyValueSpecification","valueRequired":true,"valueName":"search_term_string"}}],"inLanguage":"fr-FR"}]}},"_links":{"self":[{"href":"https:\/\/www.mecauto.es\/fr\/wp-json\/wp\/v2\/pages\/3522","targetHints":{"allow":["GET"]}}],"collection":[{"href":"https:\/\/www.mecauto.es\/fr\/wp-json\/wp\/v2\/pages"}],"about":[{"href":"https:\/\/www.mecauto.es\/fr\/wp-json\/wp\/v2\/types\/page"}],"author":[{"embeddable":true,"href":"https:\/\/www.mecauto.es\/fr\/wp-json\/wp\/v2\/users\/127"}],"replies":[{"embeddable":true,"href":"https:\/\/www.mecauto.es\/fr\/wp-json\/wp\/v2\/comments?post=3522"}],"version-history":[{"count":0,"href":"https:\/\/www.mecauto.es\/fr\/wp-json\/wp\/v2\/pages\/3522\/revisions"}],"up":[{"embeddable":true,"href":"https:\/\/www.mecauto.es\/fr\/wp-json\/wp\/v2\/pages\/3568"}],"wp:attachment":[{"href":"https:\/\/www.mecauto.es\/fr\/wp-json\/wp\/v2\/media?parent=3522"}],"curies":[{"name":"wp","href":"https:\/\/api.w.org\/{rel}","templated":true}]}}