{"id":3505,"date":"2018-10-29T13:03:57","date_gmt":"2018-10-29T12:03:57","guid":{"rendered":"https:\/\/mecautoes.wpengine.com\/coeficiente-de-friccion\/"},"modified":"2019-02-01T10:22:30","modified_gmt":"2019-02-01T09:22:30","slug":"coefficient-de-frottement","status":"publish","type":"page","link":"https:\/\/www.mecauto.es\/fr\/coussinets-bronze-autolubrifies\/caracteristiques-techniques-bg\/coefficient-de-frottement\/","title":{"rendered":"Coefficient de frottement"},"content":{"rendered":"<p><div class=\"fusion-fullwidth fullwidth-box fusion-builder-row-1 fusion-flex-container nonhundred-percent-fullwidth non-hundred-percent-height-scrolling\" style=\"--awb-border-radius-top-left:0px;--awb-border-radius-top-right:0px;--awb-border-radius-bottom-right:0px;--awb-border-radius-bottom-left:0px;--awb-flex-wrap:wrap;\" ><div class=\"fusion-builder-row fusion-row fusion-flex-align-items-flex-start fusion-flex-content-wrap\" style=\"max-width:1248px;margin-left: calc(-4% \/ 2 );margin-right: calc(-4% \/ 2 );\"><div class=\"fusion-layout-column fusion_builder_column fusion-builder-column-0 fusion_builder_column_1_1 1_1 fusion-flex-column\" style=\"--awb-bg-size:cover;--awb-width-large:100%;--awb-margin-top-large:0px;--awb-spacing-right-large:1.92%;--awb-margin-bottom-large:20px;--awb-spacing-left-large:1.92%;--awb-width-medium:100%;--awb-spacing-right-medium:1.92%;--awb-spacing-left-medium:1.92%;--awb-width-small:100%;--awb-spacing-right-small:1.92%;--awb-spacing-left-small:1.92%;\"><div class=\"fusion-column-wrapper fusion-flex-justify-content-flex-start fusion-content-layout-column\"><div class=\"fusion-widget-area awb-widget-area-element fusion-widget-area-1 fusion-content-widget-area\" style=\"--awb-title-size:18px;--awb-title-color:#000000;--awb-padding:0px 0px 0px 0px;\"><div id=\"menu-widget-3\" class=\"widget menu\"><style type=\"text\/css\">#menu-widget-3{text-align:center;}#fusion-menu-widget-3 li{display:inline-block;}#fusion-menu-widget-3 ul li a{display:inline-block;padding:0;border:0;color:#000;font-size:14px;}#fusion-menu-widget-3 ul li a:after{content:\"\";color:#000;padding-right:;padding-left:;font-size:14px;}#fusion-menu-widget-3 ul li a:hover,#fusion-menu-widget-3 ul .menu-item.current-menu-item a{color:#fff;}#fusion-menu-widget-3 ul li:last-child a:after{display:none;}#fusion-menu-widget-3 ul li .fusion-widget-cart-number{margin:0 7px;background-color:#fff;color:#000;}#fusion-menu-widget-3 ul li.fusion-active-cart-icon .fusion-widget-cart-icon:after{color:#fff;}<\/style><nav id=\"fusion-menu-widget-3\" class=\"fusion-widget-menu\" aria-label=\"Secondary Navigation: \"><ul id=\"menu-caracteristicas-tecnicas-bg-fr\" class=\"menu\"><li id=\"menu-item-3668\" class=\"menu-item menu-item-type-post_type menu-item-object-page menu-item-3668\"><a href=\"https:\/\/www.mecauto.es\/fr\/coussinets-bronze-autolubrifies\/caracteristiques-techniques-bg\/caracteristiques-generales-des-coussinets-mecauto-bg\/\">Caract\u00e9ristiques g\u00e9n\u00e9rales<\/a><\/li><li id=\"menu-item-3669\" class=\"menu-item menu-item-type-post_type menu-item-object-page menu-item-3669\"><a href=\"https:\/\/www.mecauto.es\/fr\/coussinets-bronze-autolubrifies\/caracteristiques-techniques-bg\/base-metallique\/\">Base metallique<\/a><\/li><li id=\"menu-item-3670\" class=\"menu-item menu-item-type-post_type menu-item-object-page menu-item-3670\"><a href=\"https:\/\/www.mecauto.es\/fr\/coussinets-bronze-autolubrifies\/caracteristiques-techniques-bg\/lubrifiant\/\">Lubrifiant<\/a><\/li><li id=\"menu-item-3671\" class=\"menu-item menu-item-type-post_type menu-item-object-page menu-item-3671\"><a href=\"https:\/\/www.mecauto.es\/fr\/coussinets-bronze-autolubrifies\/caracteristiques-techniques-bg\/pression-et-vitesse\/\">Pression et vitesse<\/a><\/li><li id=\"menu-item-3672\" class=\"menu-item menu-item-type-post_type menu-item-object-page menu-item-3672\"><a href=\"https:\/\/www.mecauto.es\/fr\/coussinets-bronze-autolubrifies\/caracteristiques-techniques-bg\/coefficient-de-frottement\/\">Coefficient de frottement<\/a><\/li><li id=\"menu-item-3673\" class=\"menu-item menu-item-type-post_type menu-item-object-page menu-item-3673\"><a href=\"https:\/\/www.mecauto.es\/fr\/coussinets-bronze-autolubrifies\/caracteristiques-techniques-bg\/dimentions-coussinets\/\">Dimentions coussinets<\/a><\/li><\/ul><\/nav><\/div><div class=\"fusion-additional-widget-content\"><\/div><\/div><\/div><\/div><div class=\"fusion-layout-column fusion_builder_column fusion-builder-column-1 fusion_builder_column_1_1 1_1 fusion-flex-column\" style=\"--awb-bg-size:cover;--awb-width-large:100%;--awb-margin-top-large:0px;--awb-spacing-right-large:1.92%;--awb-margin-bottom-large:0px;--awb-spacing-left-large:1.92%;--awb-width-medium:100%;--awb-spacing-right-medium:1.92%;--awb-spacing-left-medium:1.92%;--awb-width-small:100%;--awb-spacing-right-small:1.92%;--awb-spacing-left-small:1.92%;\"><div class=\"fusion-column-wrapper fusion-flex-justify-content-flex-start fusion-content-layout-column\"><div class=\"fusion-text fusion-text-1\"><h4 class=\"linea-inferior\">Coefficient de frottement<\/h4>\n<\/div><\/div><\/div><div class=\"fusion-layout-column fusion_builder_column fusion-builder-column-2 fusion_builder_column_3_4 3_4 fusion-flex-column\" style=\"--awb-bg-size:cover;--awb-width-large:75%;--awb-margin-top-large:0px;--awb-spacing-right-large:2.56%;--awb-margin-bottom-large:45px;--awb-spacing-left-large:2.56%;--awb-width-medium:75%;--awb-spacing-right-medium:2.56%;--awb-spacing-left-medium:2.56%;--awb-width-small:100%;--awb-spacing-right-small:1.92%;--awb-spacing-left-small:1.92%;\"><div class=\"fusion-column-wrapper fusion-flex-justify-content-flex-start fusion-content-layout-column\"><div class=\"fusion-text fusion-text-2\"><ul class=\"arrow-right\">\n<li>Le coefficient de frottement d\u00e9pend principalement de la qualit\u00e9 des surfaces glissantes, de la temp\u00e9rature, de la vitesse et de la pression existantes.<\/li>\n<li>Il diminue avec une pression croissante et apr\u00e8s le rodage.<\/li>\n<li>Il augmente avec une temp\u00e9rature, une vitesse ou une rugosit\u00e9 des surfaces de glissement plus \u00e9lev\u00e9es.<\/li>\n<li>La valeur oscille entre 0,04 et 0,2. Il est recommand\u00e9 d\u2019utiliser 0,15 pour la conception.<\/li>\n<\/ul>\n<\/div><\/div><\/div><div class=\"fusion-layout-column fusion_builder_column fusion-builder-column-3 fusion_builder_column_1_1 1_1 fusion-flex-column\" style=\"--awb-bg-size:cover;--awb-width-large:100%;--awb-margin-top-large:0px;--awb-spacing-right-large:1.92%;--awb-margin-bottom-large:0px;--awb-spacing-left-large:1.92%;--awb-width-medium:100%;--awb-spacing-right-medium:1.92%;--awb-spacing-left-medium:1.92%;--awb-width-small:100%;--awb-spacing-right-small:1.92%;--awb-spacing-left-small:1.92%;\"><div class=\"fusion-column-wrapper fusion-flex-justify-content-flex-start fusion-content-layout-column\"><div class=\"fusion-text fusion-text-3\"><h4 class=\"linea-inferior\">Conditions de contre-mat\u00e9riau<\/h4>\n<\/div><\/div><\/div><div class=\"fusion-layout-column fusion_builder_column fusion-builder-column-4 fusion_builder_column_3_5 3_5 fusion-flex-column\" style=\"--awb-bg-size:cover;--awb-width-large:60%;--awb-margin-top-large:0px;--awb-spacing-right-large:3.84%;--awb-margin-bottom-large:20px;--awb-spacing-left-large:3.2%;--awb-width-medium:60%;--awb-spacing-right-medium:3.84%;--awb-spacing-left-medium:3.2%;--awb-width-small:100%;--awb-spacing-right-small:1.92%;--awb-spacing-left-small:1.92%;\"><div class=\"fusion-column-wrapper fusion-flex-justify-content-flex-start fusion-content-layout-column\"><div class=\"fusion-text fusion-text-4\"><p>La duret\u00e9 et la rugosit\u00e9 du contre-mat\u00e9riau sont fondamentales pour la performance d&rsquo;un coussinet autolubrifiant.<\/p>\n<p>Il est souhaitable de pr\u00e9senter des \u00e9tats de surface compris entre 0,4 et 0,8 Ra. Des valeurs inf\u00e9rieures ou sup\u00e9rieures \u00e0 celles indiqu\u00e9es conditionnent de mani\u00e8re significative le comportement de glissement des coussinets.<\/p>\n<p>De m\u00eame, nous recommandons une duret\u00e9 minimum de 100 Brinell sup\u00e9rieure \u00e0 celle du coussinet. Selon les conditions de travail, la duret\u00e9 recommand\u00e9e peut varier consid\u00e9rablement.<\/p>\n<p>Le tableau suivant indique la duret\u00e9 minimale de la contre-mati\u00e8re avec laquelle le produit autolubrifiant de <strong>Mecauto<\/strong> doit glisser afin d&rsquo;obtenir les meilleures performances du coussinet en cours de fonctionnement (valeurs indicatives).<\/p>\n<\/div><\/div><\/div><div class=\"fusion-layout-column fusion_builder_column fusion-builder-column-5 fusion_builder_column_2_5 2_5 fusion-flex-column\" style=\"--awb-bg-size:cover;--awb-width-large:40%;--awb-margin-top-large:0px;--awb-spacing-right-large:4.8%;--awb-margin-bottom-large:20px;--awb-spacing-left-large:3.84%;--awb-width-medium:40%;--awb-spacing-right-medium:4.8%;--awb-spacing-left-medium:3.84%;--awb-width-small:100%;--awb-spacing-right-small:1.92%;--awb-spacing-left-small:1.92%;\"><div class=\"fusion-column-wrapper fusion-flex-justify-content-flex-start fusion-content-layout-column\">\n<div class=\"table-2\">\n<table width=\"100%\">\n<thead>\n<tr>\n<th style=\"width: 20%;\" align=\"left\">Mat\u00e9riau<\/th>\n<th align=\"left\">Duret\u00e9 minimale recommand\u00e9e pour le contre-mat\u00e9riau<\/th>\n<\/tr>\n<\/thead>\n<tbody>\n<tr>\n<td align=\"left\"><strong>W-7<\/strong><\/td>\n<td align=\"left\">200 HB<\/td>\n<\/tr>\n<tr>\n<td align=\"left\"><strong>W-12<\/strong><\/td>\n<td align=\"left\">200 HB<\/td>\n<\/tr>\n<tr>\n<td align=\"left\"><strong>W-AlNi<\/strong><\/td>\n<td align=\"left\">300 HB<\/td>\n<\/tr>\n<tr>\n<td align=\"left\"><strong>W-255<\/strong><\/td>\n<td align=\"left\">300 HB<\/td>\n<\/tr>\n<\/tbody>\n<\/table>\n<\/div>\n<\/div><\/div><\/div><\/div><div class=\"fusion-fullwidth fullwidth-box fusion-builder-row-2 fusion-flex-container hundred-percent-fullwidth non-hundred-percent-height-scrolling\" style=\"--awb-border-radius-top-left:0px;--awb-border-radius-top-right:0px;--awb-border-radius-bottom-right:0px;--awb-border-radius-bottom-left:0px;--awb-overflow:visible;--awb-padding-right:16px;--awb-padding-left:16px;--awb-flex-wrap:wrap;\" ><div class=\"fusion-builder-row fusion-row fusion-flex-align-items-flex-start fusion-flex-content-wrap\" style=\"width:calc( 100% + 0px ) !important;max-width:calc( 100% + 0px ) !important;margin-left: calc(-0px \/ 2 );margin-right: calc(-0px \/ 2 );\"><div class=\"fusion-layout-column fusion_builder_column fusion-builder-column-6 fusion_builder_column_1_1 1_1 fusion-flex-column fusion-flex-align-self-flex-start fusion-column-no-min-height\" style=\"--awb-bg-size:cover;--awb-width-large:100%;--awb-margin-top-large:0px;--awb-spacing-right-large:0px;--awb-margin-bottom-large:0px;--awb-spacing-left-large:0px;--awb-width-medium:100%;--awb-spacing-right-medium:0px;--awb-spacing-left-medium:0px;--awb-width-small:100%;--awb-spacing-right-small:0px;--awb-spacing-left-small:0px;\"><div class=\"fusion-column-wrapper fusion-flex-justify-content-flex-start fusion-content-layout-column\"><div class=\"fusion-text fusion-text-5\"><div class=\"fusion-fullwidth fullwidth-box bloque-presupuesto\">\n<div class=\"fusion-row\">\n  <div class=\"col-md-6 col-sm-12\">\n  <h3>\u00cates-vous int\u00e9ress\u00e9 par ce produit ?<\/h3>\n  <p>Demandez un devis sans engagement et sur mesure.<\/p>\n\n  <\/div>\n  <div class=\"col-md-6 col-sm-12\">\n  <a class=\"btn\" href=\"\/fr\/contact\/\">Demandez un devis<\/a>\n  <\/div>\n<\/div>\n<\/div>\n<\/div><\/div><\/div><\/div><\/div><\/p>\n","protected":false},"excerpt":{"rendered":"","protected":false},"author":127,"featured_media":0,"parent":3522,"menu_order":0,"comment_status":"closed","ping_status":"closed","template":"100-width.php","meta":{"footnotes":""},"class_list":["post-3505","page","type-page","status-publish","hentry"],"yoast_head":"<!-- This site is optimized with the Yoast SEO plugin v23.8 - https:\/\/yoast.com\/wordpress\/plugins\/seo\/ -->\n<title>Coefficient de frottement | Mecauto<\/title>\n<meta name=\"description\" content=\"Le coefficient de frottement d\u00e9pend principalement de la qualit\u00e9 des surfaces glissantes, de la temp\u00e9rature, de la vitesse et de la pression.\" \/>\n<meta name=\"robots\" content=\"index, follow, max-snippet:-1, max-image-preview:large, max-video-preview:-1\" \/>\n<link rel=\"canonical\" href=\"https:\/\/www.mecauto.es\/cojinetes-de-bronce-autolubricados\/caracteristicas-tecnicas-bg\/coeficiente-de-friccion\/\" \/>\n<meta property=\"og:locale\" content=\"fr_FR\" \/>\n<meta property=\"og:type\" content=\"article\" \/>\n<meta property=\"og:title\" content=\"Coefficient de frottement | Mecauto\" \/>\n<meta property=\"og:description\" content=\"Le coefficient de frottement d\u00e9pend principalement de la qualit\u00e9 des surfaces glissantes, de la temp\u00e9rature, de la vitesse et de la pression.\" \/>\n<meta property=\"og:url\" content=\"https:\/\/www.mecauto.es\/cojinetes-de-bronce-autolubricados\/caracteristicas-tecnicas-bg\/coeficiente-de-friccion\/\" \/>\n<meta property=\"og:site_name\" content=\"Mecauto\" \/>\n<meta property=\"article:modified_time\" content=\"2019-02-01T09:22:30+00:00\" \/>\n<meta name=\"twitter:card\" content=\"summary_large_image\" \/>\n<meta name=\"twitter:label1\" content=\"Dur\u00e9e de lecture est.\" \/>\n\t<meta name=\"twitter:data1\" content=\"5 minutes\" \/>\n<script type=\"application\/ld+json\" class=\"yoast-schema-graph\">{\"@context\":\"https:\/\/schema.org\",\"@graph\":[{\"@type\":\"WebPage\",\"@id\":\"https:\/\/www.mecauto.es\/cojinetes-de-bronce-autolubricados\/caracteristicas-tecnicas-bg\/coeficiente-de-friccion\/\",\"url\":\"https:\/\/www.mecauto.es\/cojinetes-de-bronce-autolubricados\/caracteristicas-tecnicas-bg\/coeficiente-de-friccion\/\",\"name\":\"Coefficient de frottement | Mecauto\",\"isPartOf\":{\"@id\":\"https:\/\/www.mecauto.es\/#website\"},\"datePublished\":\"2018-10-29T12:03:57+00:00\",\"dateModified\":\"2019-02-01T09:22:30+00:00\",\"description\":\"Le coefficient de frottement d\u00e9pend principalement de la qualit\u00e9 des surfaces glissantes, de la temp\u00e9rature, de la vitesse et de la pression.\",\"breadcrumb\":{\"@id\":\"https:\/\/www.mecauto.es\/cojinetes-de-bronce-autolubricados\/caracteristicas-tecnicas-bg\/coeficiente-de-friccion\/#breadcrumb\"},\"inLanguage\":\"fr-FR\",\"potentialAction\":[{\"@type\":\"ReadAction\",\"target\":[\"https:\/\/www.mecauto.es\/cojinetes-de-bronce-autolubricados\/caracteristicas-tecnicas-bg\/coeficiente-de-friccion\/\"]}]},{\"@type\":\"BreadcrumbList\",\"@id\":\"https:\/\/www.mecauto.es\/cojinetes-de-bronce-autolubricados\/caracteristicas-tecnicas-bg\/coeficiente-de-friccion\/#breadcrumb\",\"itemListElement\":[{\"@type\":\"ListItem\",\"position\":1,\"name\":\"Portada\",\"item\":\"https:\/\/www.mecauto.es\/\"},{\"@type\":\"ListItem\",\"position\":2,\"name\":\"Coussinets bronze autolubrifi\u00e9s\",\"item\":\"https:\/\/www.mecauto.es\/cojinetes-de-bronce-autolubricados\/\"},{\"@type\":\"ListItem\",\"position\":3,\"name\":\"Caract\u00e9ristiques techniques BG\",\"item\":\"https:\/\/www.mecauto.es\/cojinetes-de-bronce-autolubricados\/caracteristicas-tecnicas-bg\/\"},{\"@type\":\"ListItem\",\"position\":4,\"name\":\"Coefficient de frottement\"}]},{\"@type\":\"WebSite\",\"@id\":\"https:\/\/www.mecauto.es\/#website\",\"url\":\"https:\/\/www.mecauto.es\/\",\"name\":\"Mecauto\",\"description\":\"\",\"potentialAction\":[{\"@type\":\"SearchAction\",\"target\":{\"@type\":\"EntryPoint\",\"urlTemplate\":\"https:\/\/www.mecauto.es\/?s={search_term_string}\"},\"query-input\":{\"@type\":\"PropertyValueSpecification\",\"valueRequired\":true,\"valueName\":\"search_term_string\"}}],\"inLanguage\":\"fr-FR\"}]}<\/script>\n<!-- \/ Yoast SEO plugin. -->","yoast_head_json":{"title":"Coefficient de frottement | Mecauto","description":"Le coefficient de frottement d\u00e9pend principalement de la qualit\u00e9 des surfaces glissantes, de la temp\u00e9rature, de la vitesse et de la pression.","robots":{"index":"index","follow":"follow","max-snippet":"max-snippet:-1","max-image-preview":"max-image-preview:large","max-video-preview":"max-video-preview:-1"},"canonical":"https:\/\/www.mecauto.es\/cojinetes-de-bronce-autolubricados\/caracteristicas-tecnicas-bg\/coeficiente-de-friccion\/","og_locale":"fr_FR","og_type":"article","og_title":"Coefficient de frottement | Mecauto","og_description":"Le coefficient de frottement d\u00e9pend principalement de la qualit\u00e9 des surfaces glissantes, de la temp\u00e9rature, de la vitesse et de la pression.","og_url":"https:\/\/www.mecauto.es\/cojinetes-de-bronce-autolubricados\/caracteristicas-tecnicas-bg\/coeficiente-de-friccion\/","og_site_name":"Mecauto","article_modified_time":"2019-02-01T09:22:30+00:00","twitter_card":"summary_large_image","twitter_misc":{"Dur\u00e9e de lecture est.":"5 minutes"},"schema":{"@context":"https:\/\/schema.org","@graph":[{"@type":"WebPage","@id":"https:\/\/www.mecauto.es\/cojinetes-de-bronce-autolubricados\/caracteristicas-tecnicas-bg\/coeficiente-de-friccion\/","url":"https:\/\/www.mecauto.es\/cojinetes-de-bronce-autolubricados\/caracteristicas-tecnicas-bg\/coeficiente-de-friccion\/","name":"Coefficient de frottement | Mecauto","isPartOf":{"@id":"https:\/\/www.mecauto.es\/#website"},"datePublished":"2018-10-29T12:03:57+00:00","dateModified":"2019-02-01T09:22:30+00:00","description":"Le coefficient de frottement d\u00e9pend principalement de la qualit\u00e9 des surfaces glissantes, de la temp\u00e9rature, de la vitesse et de la pression.","breadcrumb":{"@id":"https:\/\/www.mecauto.es\/cojinetes-de-bronce-autolubricados\/caracteristicas-tecnicas-bg\/coeficiente-de-friccion\/#breadcrumb"},"inLanguage":"fr-FR","potentialAction":[{"@type":"ReadAction","target":["https:\/\/www.mecauto.es\/cojinetes-de-bronce-autolubricados\/caracteristicas-tecnicas-bg\/coeficiente-de-friccion\/"]}]},{"@type":"BreadcrumbList","@id":"https:\/\/www.mecauto.es\/cojinetes-de-bronce-autolubricados\/caracteristicas-tecnicas-bg\/coeficiente-de-friccion\/#breadcrumb","itemListElement":[{"@type":"ListItem","position":1,"name":"Portada","item":"https:\/\/www.mecauto.es\/"},{"@type":"ListItem","position":2,"name":"Coussinets bronze autolubrifi\u00e9s","item":"https:\/\/www.mecauto.es\/cojinetes-de-bronce-autolubricados\/"},{"@type":"ListItem","position":3,"name":"Caract\u00e9ristiques techniques BG","item":"https:\/\/www.mecauto.es\/cojinetes-de-bronce-autolubricados\/caracteristicas-tecnicas-bg\/"},{"@type":"ListItem","position":4,"name":"Coefficient de frottement"}]},{"@type":"WebSite","@id":"https:\/\/www.mecauto.es\/#website","url":"https:\/\/www.mecauto.es\/","name":"Mecauto","description":"","potentialAction":[{"@type":"SearchAction","target":{"@type":"EntryPoint","urlTemplate":"https:\/\/www.mecauto.es\/?s={search_term_string}"},"query-input":{"@type":"PropertyValueSpecification","valueRequired":true,"valueName":"search_term_string"}}],"inLanguage":"fr-FR"}]}},"_links":{"self":[{"href":"https:\/\/www.mecauto.es\/fr\/wp-json\/wp\/v2\/pages\/3505","targetHints":{"allow":["GET"]}}],"collection":[{"href":"https:\/\/www.mecauto.es\/fr\/wp-json\/wp\/v2\/pages"}],"about":[{"href":"https:\/\/www.mecauto.es\/fr\/wp-json\/wp\/v2\/types\/page"}],"author":[{"embeddable":true,"href":"https:\/\/www.mecauto.es\/fr\/wp-json\/wp\/v2\/users\/127"}],"replies":[{"embeddable":true,"href":"https:\/\/www.mecauto.es\/fr\/wp-json\/wp\/v2\/comments?post=3505"}],"version-history":[{"count":0,"href":"https:\/\/www.mecauto.es\/fr\/wp-json\/wp\/v2\/pages\/3505\/revisions"}],"up":[{"embeddable":true,"href":"https:\/\/www.mecauto.es\/fr\/wp-json\/wp\/v2\/pages\/3522"}],"wp:attachment":[{"href":"https:\/\/www.mecauto.es\/fr\/wp-json\/wp\/v2\/media?parent=3505"}],"curies":[{"name":"wp","href":"https:\/\/api.w.org\/{rel}","templated":true}]}}