{"id":3569,"date":"2016-09-13T15:29:16","date_gmt":"2016-09-13T13:29:16","guid":{"rendered":"https:\/\/mecautoes.wpengine.com\/cojinetes-de-bronce-autolubricados\/"},"modified":"2019-07-05T17:42:35","modified_gmt":"2019-07-05T15:42:35","slug":"selbschmierende-gleitlager","status":"publish","type":"page","link":"https:\/\/www.mecauto.es\/de\/selbschmierende-gleitlager\/","title":{"rendered":"Selbschmierende Gleitlager"},"content":{"rendered":"<p><div class=\"fusion-fullwidth fullwidth-box fusion-builder-row-1 fusion-flex-container nonhundred-percent-fullwidth non-hundred-percent-height-scrolling\" style=\"--awb-border-radius-top-left:0px;--awb-border-radius-top-right:0px;--awb-border-radius-bottom-right:0px;--awb-border-radius-bottom-left:0px;--awb-flex-wrap:wrap;\" ><div class=\"fusion-builder-row fusion-row fusion-flex-align-items-flex-start fusion-flex-content-wrap\" style=\"max-width:1248px;margin-left: calc(-4% \/ 2 );margin-right: calc(-4% \/ 2 );\"><div class=\"fusion-layout-column fusion_builder_column fusion-builder-column-0 fusion_builder_column_1_4 1_4 fusion-flex-column\" style=\"--awb-bg-size:cover;--awb-width-large:25%;--awb-margin-top-large:0px;--awb-spacing-right-large:3.84%;--awb-margin-bottom-large:20px;--awb-spacing-left-large:7.68%;--awb-width-medium:25%;--awb-spacing-right-medium:3.84%;--awb-spacing-left-medium:7.68%;--awb-width-small:100%;--awb-spacing-right-small:1.92%;--awb-spacing-left-small:1.92%;\"><div class=\"fusion-column-wrapper fusion-flex-justify-content-flex-start fusion-content-layout-column\"><div class=\"fusion-text fusion-text-1\"><div class=\"info-destacada\">Wir fertigen selbstschmierende Bronzelager <strong>gem\u00e4ss Kundenzeichnungen<\/strong><\/div>\n<\/div><\/div><\/div><div class=\"fusion-layout-column fusion_builder_column fusion-builder-column-1 fusion_builder_column_3_4 3_4 fusion-flex-column\" style=\"--awb-bg-size:cover;--awb-width-large:75%;--awb-margin-top-large:0px;--awb-spacing-right-large:2.56%;--awb-margin-bottom-large:20px;--awb-spacing-left-large:3.84%;--awb-width-medium:75%;--awb-spacing-right-medium:2.56%;--awb-spacing-left-medium:3.84%;--awb-width-small:100%;--awb-spacing-right-small:1.92%;--awb-spacing-left-small:1.92%;\"><div class=\"fusion-column-wrapper fusion-flex-justify-content-flex-start fusion-content-layout-column\"><div class=\"fusion-text fusion-text-2\"><p>Diese Bronzelager eignen sich f\u00fcr Anwendungen, bei denen die manuelle Schmierung schwierig ist oder bei denen \u00d6l- oder Fettschmiermittel nicht verwendbar ist. Unsere Bronzelager<strong> bieten eine ausgezeichnete Schmierung bei hohen Lasten und niedriger Geschwindigkeit<\/strong>.<\/p>\n<p>Das Grundmaterial ist Bronze oder Sondermessing, die in der Gie\u00dferei des WISCO Espa\u00f1ola hergestellt werden.<\/p>\n<p>Wir k\u00f6nnen alle unsere selbstschmierten Bronzelager nach Kundenplan mechanisieren. Jeder Teil des Designs, einschlie\u00dflich der Bronzelegierung, der Lagerabmessungen und anderer Besonderheiten wie Nuten <strong>werden an die Bed\u00fcrfnisse des Kunden angepasst.<\/strong><\/p>\n<\/div><\/div><\/div><\/div><\/div><div class=\"fusion-fullwidth fullwidth-box fusion-builder-row-2 fusion-flex-container nonhundred-percent-fullwidth non-hundred-percent-height-scrolling\" style=\"--awb-border-radius-top-left:0px;--awb-border-radius-top-right:0px;--awb-border-radius-bottom-right:0px;--awb-border-radius-bottom-left:0px;--awb-flex-wrap:wrap;\" ><div class=\"fusion-builder-row fusion-row fusion-flex-align-items-flex-start fusion-flex-content-wrap\" style=\"max-width:1248px;margin-left: calc(-4% \/ 2 );margin-right: calc(-4% \/ 2 );\"><div class=\"fusion-layout-column fusion_builder_column fusion-builder-column-2 fusion_builder_column_1_2 1_2 fusion-flex-column\" style=\"--awb-bg-size:cover;--awb-width-large:50%;--awb-margin-top-large:0px;--awb-spacing-right-large:3.84%;--awb-margin-bottom-large:20px;--awb-spacing-left-large:3.84%;--awb-width-medium:50%;--awb-spacing-right-medium:3.84%;--awb-spacing-left-medium:3.84%;--awb-width-small:100%;--awb-spacing-right-small:1.92%;--awb-spacing-left-small:1.92%;\"><div class=\"fusion-column-wrapper fusion-flex-justify-content-flex-start fusion-content-layout-column\"><div class=\"fusion-text fusion-text-3\"><h4 class=\"linea-inferior\">Eigenschaften und Vorteile<\/h4>\n<ul class=\"arrow-right\">\n<li>Erfordert keine manuelle Schmierung<\/li>\n<li>Ohne Wartung<\/li>\n<li>Anwendungen, bei denen der Zusatz von \u00d6l- \/ Festschmierstoffen schwierig ist<\/li>\n<li>CHohe Lasten und niedrige Geschwindigkeit<\/li>\n<\/ul>\n<\/div><\/div><\/div><div class=\"fusion-layout-column fusion_builder_column fusion-builder-column-3 fusion_builder_column_1_2 1_2 fusion-flex-column\" style=\"--awb-bg-size:cover;--awb-width-large:50%;--awb-margin-top-large:0px;--awb-spacing-right-large:3.84%;--awb-margin-bottom-large:20px;--awb-spacing-left-large:3.84%;--awb-width-medium:50%;--awb-spacing-right-medium:3.84%;--awb-spacing-left-medium:3.84%;--awb-width-small:100%;--awb-spacing-right-small:1.92%;--awb-spacing-left-small:1.92%;\"><div class=\"fusion-column-wrapper fusion-flex-justify-content-flex-start fusion-content-layout-column\"><div class=\"fusion-image-element \" style=\"--awb-caption-title-font-family:var(--h2_typography-font-family);--awb-caption-title-font-weight:var(--h2_typography-font-weight);--awb-caption-title-font-style:var(--h2_typography-font-style);--awb-caption-title-size:var(--h2_typography-font-size);--awb-caption-title-transform:var(--h2_typography-text-transform);--awb-caption-title-line-height:var(--h2_typography-line-height);--awb-caption-title-letter-spacing:var(--h2_typography-letter-spacing);\"><span class=\" fusion-imageframe imageframe-none imageframe-1 hover-type-none\"><img decoding=\"async\" width=\"600\" height=\"400\" title=\"Bodegon-cojinetes-BG\" src=\"https:\/\/mecautoes.wpengine.com\/wp-content\/uploads\/2018\/12\/Bodegon-cojinetes-BG.jpg\" alt class=\"img-responsive wp-image-3173\" srcset=\"https:\/\/www.mecauto.es\/wp-content\/uploads\/2018\/12\/Bodegon-cojinetes-BG-200x133.jpg 200w, https:\/\/www.mecauto.es\/wp-content\/uploads\/2018\/12\/Bodegon-cojinetes-BG-400x267.jpg 400w, https:\/\/www.mecauto.es\/wp-content\/uploads\/2018\/12\/Bodegon-cojinetes-BG.jpg 600w\" sizes=\"(max-width: 640px) 100vw, 600px\" \/><\/span><\/div><\/div><\/div><\/div><\/div><div class=\"fusion-fullwidth fullwidth-box fusion-builder-row-3 fusion-flex-container nonhundred-percent-fullwidth non-hundred-percent-height-scrolling\" style=\"--awb-background-position:left top;--awb-border-radius-top-left:0px;--awb-border-radius-top-right:0px;--awb-border-radius-bottom-right:0px;--awb-border-radius-bottom-left:0px;--awb-padding-top:20px;--awb-padding-bottom:20px;--awb-background-color:#f9f9f9;--awb-border-sizes-top:0px;--awb-border-sizes-bottom:0px;--awb-flex-wrap:wrap;\" ><div class=\"fusion-builder-row fusion-row fusion-flex-align-items-flex-start fusion-flex-content-wrap\" style=\"max-width:calc( 1200px + 0px );margin-left: calc(-0px \/ 2 );margin-right: calc(-0px \/ 2 );\"><div class=\"fusion-layout-column fusion_builder_column fusion-builder-column-4 fusion_builder_column_1_1 1_1 fusion-flex-column fusion-flex-align-self-flex-start fusion-column-no-min-height\" style=\"--awb-bg-size:cover;--awb-width-large:100%;--awb-margin-top-large:0px;--awb-spacing-right-large:0px;--awb-margin-bottom-large:0px;--awb-spacing-left-large:0px;--awb-width-medium:100%;--awb-spacing-right-medium:0px;--awb-spacing-left-medium:0px;--awb-width-small:100%;--awb-spacing-right-small:0px;--awb-spacing-left-small:0px;\"><div class=\"fusion-column-wrapper fusion-flex-justify-content-flex-start fusion-content-layout-column\"><div class=\"fusion-title title fusion-title-1 fusion-sep-none fusion-title-center fusion-title-text fusion-title-size-two\"><h2 class=\"fusion-title-heading title-heading-center fusion-responsive-typography-calculated\" style=\"margin:0;--fontSize:24;line-height:1.5;\">ART DER LAGER<\/h2><\/div><div class=\"fusion-text fusion-text-4\">\n\n\n<div id=\"wpv-view-layout-152-TCPID3569\" class=\"js-wpv-view-layout js-wpv-layout-responsive js-wpv-view-layout-152-TCPID3569\" data-viewnumber=\"152-TCPID3569\" data-pagination=\"{&quot;id&quot;:152,&quot;query&quot;:&quot;normal&quot;,&quot;type&quot;:&quot;disabled&quot;,&quot;effect&quot;:&quot;fade&quot;,&quot;duration&quot;:500,&quot;speed&quot;:5,&quot;pause_on_hover&quot;:&quot;disabled&quot;,&quot;stop_rollover&quot;:&quot;false&quot;,&quot;cache_pages&quot;:&quot;enabled&quot;,&quot;preload_images&quot;:&quot;enabled&quot;,&quot;preload_pages&quot;:&quot;enabled&quot;,&quot;preload_reach&quot;:1,&quot;spinner&quot;:&quot;builtin&quot;,&quot;spinner_image&quot;:&quot;https:\/\/wiscoes.wpengine.com\/wp-content\/plugins\/wp-views\/res\/img\/ajax-loader.gif&quot;,&quot;callback_next&quot;:&quot;&quot;,&quot;manage_history&quot;:&quot;disabled&quot;,&quot;has_controls_in_form&quot;:&quot;disabled&quot;,&quot;infinite_tolerance&quot;:&quot;0&quot;,&quot;max_pages&quot;:0,&quot;page&quot;:1,&quot;base_permalink&quot;:&quot;\/de\/wp-json\/wp\/v2\/pages\/3569?wpv_view_count=152-TCPID3569&amp;wpv_paged=WPV_PAGE_NUM&quot;,&quot;loop&quot;:{&quot;type&quot;:&quot;&quot;,&quot;name&quot;:&quot;&quot;,&quot;data&quot;:[],&quot;id&quot;:0}}\" data-permalink=\"\/de\/wp-json\/wp\/v2\/pages\/3569?wpv_view_count=152-TCPID3569\">\n\n\t\n<div class=\"fusion-fullwidth grid-paginas-hijas selbschmierende-gleitlager\">\n<div class=\"fusion-row \">\n\t\n\t\t\n          <div class=\"col-md-1-5 col-sm-6\">\n            \n            <a href=\"https:\/\/www.mecauto.es\/de\/selbschmierende-gleitlager\/buchsen\/\"><span class=\"imagen-destacada fusion-imageframe hover-type-zoomin\"><img decoding=\"async\" class=\"attachment-220x220 size-220x220\" src=\"https:\/\/www.mecauto.es\/wp-content\/uploads\/2018\/12\/casquillo-autolubricado-wpv_220x220_center_center.jpg\" width=\"220\" height=\"220\" alt=\"\" \/>\n            <\/span><\/a>\n            <div class=\"titulo\">\n              <h3><a href=\"https:\/\/www.mecauto.es\/de\/selbschmierende-gleitlager\/buchsen\/\">Buchsen<\/a><\/h3><\/div> \n          <\/div>\n\t\t\n          <div class=\"col-md-1-5 col-sm-6\">\n            \n            <a href=\"https:\/\/www.mecauto.es\/de\/selbschmierende-gleitlager\/selbschmierende-muttern-aus-bronze\/\"><span class=\"imagen-destacada fusion-imageframe hover-type-zoomin\"><img decoding=\"async\" class=\"attachment-220x220 size-220x220\" src=\"https:\/\/www.mecauto.es\/wp-content\/uploads\/2021\/10\/serie-bg-tuercas_03-wpv_220x220_center_center.jpg\" width=\"220\" height=\"220\" alt=\"\" \/>\n            <\/span><\/a>\n            <div class=\"titulo\">\n              <h3><a href=\"https:\/\/www.mecauto.es\/de\/selbschmierende-gleitlager\/selbschmierende-muttern-aus-bronze\/\">Muttern<\/a><\/h3><\/div> \n          <\/div>\n\t\t\n          <div class=\"col-md-1-5 col-sm-6\">\n            \n            <a href=\"https:\/\/www.mecauto.es\/de\/selbschmierende-gleitlager\/platten\/\"><span class=\"imagen-destacada fusion-imageframe hover-type-zoomin\"><img decoding=\"async\" class=\"attachment-220x220 size-220x220\" src=\"https:\/\/www.mecauto.es\/wp-content\/uploads\/2018\/12\/placa-autolubricado-wpv_220x220_center_center.jpg\" width=\"220\" height=\"220\" alt=\"\" \/>\n            <\/span><\/a>\n            <div class=\"titulo\">\n              <h3><a href=\"https:\/\/www.mecauto.es\/de\/selbschmierende-gleitlager\/platten\/\">Platten<\/a><\/h3><\/div> \n          <\/div>\n\t\t\n          <div class=\"col-md-1-5 col-sm-6\">\n            \n            <a href=\"https:\/\/www.mecauto.es\/de\/selbschmierende-gleitlager\/selbstschmierende-bronzescheiben\/\"><span class=\"imagen-destacada fusion-imageframe hover-type-zoomin\"><img decoding=\"async\" class=\"attachment-220x220 size-220x220\" src=\"https:\/\/www.mecauto.es\/wp-content\/uploads\/2018\/12\/Arandela-BG-cojinetes-wpv_220x220_center_center.jpg\" width=\"220\" height=\"220\" alt=\"\" \/>\n            <\/span><\/a>\n            <div class=\"titulo\">\n              <h3><a href=\"https:\/\/www.mecauto.es\/de\/selbschmierende-gleitlager\/selbstschmierende-bronzescheiben\/\">Scheiben<\/a><\/h3><\/div> \n          <\/div>\n\t\t\n          <div class=\"col-md-1-5 col-sm-6\">\n            \n            <a href=\"https:\/\/www.mecauto.es\/de\/selbschmierende-gleitlager\/andere-teile\/\"><span class=\"imagen-destacada fusion-imageframe hover-type-zoomin\"><img decoding=\"async\" class=\"attachment-220x220 size-220x220\" src=\"https:\/\/www.mecauto.es\/wp-content\/uploads\/2018\/11\/Serie-BG-otras-piezas-012-wpv_220x220_center_center.jpg\" width=\"220\" height=\"220\" alt=\"\" \/>\n            <\/span><\/a>\n            <div class=\"titulo\">\n              <h3><a href=\"https:\/\/www.mecauto.es\/de\/selbschmierende-gleitlager\/andere-teile\/\">Andere Teile<\/a><\/h3><\/div> \n          <\/div>\n\t\t\n\t\n  <\/div>\n<\/div>\n\t\n\t\n<\/div>\n\n<\/div><\/div><\/div><\/div><\/div><div class=\"fusion-fullwidth fullwidth-box fusion-builder-row-4 fusion-flex-container hundred-percent-fullwidth non-hundred-percent-height-scrolling\" style=\"--awb-border-radius-top-left:0px;--awb-border-radius-top-right:0px;--awb-border-radius-bottom-right:0px;--awb-border-radius-bottom-left:0px;--awb-overflow:visible;--awb-padding-right:16px;--awb-padding-left:16px;--awb-flex-wrap:wrap;\" ><div class=\"fusion-builder-row fusion-row fusion-flex-align-items-flex-start fusion-flex-content-wrap\" style=\"width:calc( 100% + 0px ) !important;max-width:calc( 100% + 0px ) !important;margin-left: calc(-0px \/ 2 );margin-right: calc(-0px \/ 2 );\"><div class=\"fusion-layout-column fusion_builder_column fusion-builder-column-5 fusion_builder_column_1_1 1_1 fusion-flex-column fusion-flex-align-self-flex-start fusion-column-no-min-height\" style=\"--awb-bg-size:cover;--awb-width-large:100%;--awb-margin-top-large:0px;--awb-spacing-right-large:0px;--awb-margin-bottom-large:0px;--awb-spacing-left-large:0px;--awb-width-medium:100%;--awb-spacing-right-medium:0px;--awb-spacing-left-medium:0px;--awb-width-small:100%;--awb-spacing-right-small:0px;--awb-spacing-left-small:0px;\"><div class=\"fusion-column-wrapper fusion-flex-justify-content-flex-start fusion-content-layout-column\"><div class=\"fusion-text fusion-text-5\"><div class=\"fusion-fullwidth fullwidth-box bloque-presupuesto\">\n<div class=\"fusion-row\">\n  <div class=\"col-md-6 col-sm-12\">\n  <h3>Sie interessieren sich f\u00fcr dieses Produkt?<\/h3>\n  <p>Fordern Sie einen unverbindlichen und spezifischen Kostenvoranschlag an.<\/p>\n\n  <\/div>\n  <div class=\"col-md-6 col-sm-12\">\n  <a class=\"btn\" href=\"\/de\/kontakt\/\">Kostenvoranschlag anfordern<\/a>\n  <\/div>\n<\/div>\n<\/div>\n<\/div><\/div><\/div><\/div><\/div><\/p>\n","protected":false},"excerpt":{"rendered":"","protected":false},"author":127,"featured_media":0,"parent":0,"menu_order":2,"comment_status":"closed","ping_status":"closed","template":"100-width.php","meta":{"footnotes":""},"class_list":["post-3569","page","type-page","status-publish","hentry"],"yoast_head":"<!-- This site is optimized with the Yoast SEO plugin v23.8 - https:\/\/yoast.com\/wordpress\/plugins\/seo\/ -->\n<title>Selbschmierende Gleitlager | Mecauto<\/title>\n<meta name=\"description\" content=\"Die BG-Serie ist auf selbstschmierenden Bronzelagern basiert, die keine Wartung erfordern, da die mit Festschmierstoffmaterialien\" \/>\n<meta name=\"robots\" content=\"index, follow, max-snippet:-1, max-image-preview:large, max-video-preview:-1\" \/>\n<link rel=\"canonical\" href=\"https:\/\/www.mecauto.es\/cojinetes-de-bronce-autolubricados\/\" \/>\n<meta property=\"og:locale\" content=\"de_DE\" \/>\n<meta property=\"og:type\" content=\"article\" \/>\n<meta property=\"og:title\" content=\"Selbschmierende Gleitlager | Mecauto\" \/>\n<meta property=\"og:description\" content=\"Die BG-Serie ist auf selbstschmierenden Bronzelagern basiert, die keine Wartung erfordern, da die mit Festschmierstoffmaterialien\" \/>\n<meta property=\"og:url\" content=\"https:\/\/www.mecauto.es\/cojinetes-de-bronce-autolubricados\/\" \/>\n<meta property=\"og:site_name\" content=\"Mecauto\" \/>\n<meta property=\"article:modified_time\" content=\"2019-07-05T15:42:35+00:00\" \/>\n<meta name=\"twitter:card\" content=\"summary_large_image\" \/>\n<meta name=\"twitter:label1\" content=\"Gesch\u00e4tzte Lesezeit\" \/>\n\t<meta name=\"twitter:data1\" content=\"6 Minuten\" \/>\n<script type=\"application\/ld+json\" class=\"yoast-schema-graph\">{\"@context\":\"https:\/\/schema.org\",\"@graph\":[{\"@type\":\"WebPage\",\"@id\":\"https:\/\/www.mecauto.es\/cojinetes-de-bronce-autolubricados\/\",\"url\":\"https:\/\/www.mecauto.es\/cojinetes-de-bronce-autolubricados\/\",\"name\":\"Selbschmierende Gleitlager | Mecauto\",\"isPartOf\":{\"@id\":\"https:\/\/www.mecauto.es\/#website\"},\"datePublished\":\"2016-09-13T13:29:16+00:00\",\"dateModified\":\"2019-07-05T15:42:35+00:00\",\"description\":\"Die BG-Serie ist auf selbstschmierenden Bronzelagern basiert, die keine Wartung erfordern, da die mit Festschmierstoffmaterialien\",\"breadcrumb\":{\"@id\":\"https:\/\/www.mecauto.es\/cojinetes-de-bronce-autolubricados\/#breadcrumb\"},\"inLanguage\":\"de-DE\",\"potentialAction\":[{\"@type\":\"ReadAction\",\"target\":[\"https:\/\/www.mecauto.es\/cojinetes-de-bronce-autolubricados\/\"]}]},{\"@type\":\"BreadcrumbList\",\"@id\":\"https:\/\/www.mecauto.es\/cojinetes-de-bronce-autolubricados\/#breadcrumb\",\"itemListElement\":[{\"@type\":\"ListItem\",\"position\":1,\"name\":\"Portada\",\"item\":\"https:\/\/www.mecauto.es\/\"},{\"@type\":\"ListItem\",\"position\":2,\"name\":\"Selbschmierende Gleitlager\"}]},{\"@type\":\"WebSite\",\"@id\":\"https:\/\/www.mecauto.es\/#website\",\"url\":\"https:\/\/www.mecauto.es\/\",\"name\":\"Mecauto\",\"description\":\"\",\"potentialAction\":[{\"@type\":\"SearchAction\",\"target\":{\"@type\":\"EntryPoint\",\"urlTemplate\":\"https:\/\/www.mecauto.es\/?s={search_term_string}\"},\"query-input\":{\"@type\":\"PropertyValueSpecification\",\"valueRequired\":true,\"valueName\":\"search_term_string\"}}],\"inLanguage\":\"de-DE\"}]}<\/script>\n<!-- \/ Yoast SEO plugin. -->","yoast_head_json":{"title":"Selbschmierende Gleitlager | Mecauto","description":"Die BG-Serie ist auf selbstschmierenden Bronzelagern basiert, die keine Wartung erfordern, da die mit Festschmierstoffmaterialien","robots":{"index":"index","follow":"follow","max-snippet":"max-snippet:-1","max-image-preview":"max-image-preview:large","max-video-preview":"max-video-preview:-1"},"canonical":"https:\/\/www.mecauto.es\/cojinetes-de-bronce-autolubricados\/","og_locale":"de_DE","og_type":"article","og_title":"Selbschmierende Gleitlager | Mecauto","og_description":"Die BG-Serie ist auf selbstschmierenden Bronzelagern basiert, die keine Wartung erfordern, da die mit Festschmierstoffmaterialien","og_url":"https:\/\/www.mecauto.es\/cojinetes-de-bronce-autolubricados\/","og_site_name":"Mecauto","article_modified_time":"2019-07-05T15:42:35+00:00","twitter_card":"summary_large_image","twitter_misc":{"Gesch\u00e4tzte Lesezeit":"6 Minuten"},"schema":{"@context":"https:\/\/schema.org","@graph":[{"@type":"WebPage","@id":"https:\/\/www.mecauto.es\/cojinetes-de-bronce-autolubricados\/","url":"https:\/\/www.mecauto.es\/cojinetes-de-bronce-autolubricados\/","name":"Selbschmierende Gleitlager | Mecauto","isPartOf":{"@id":"https:\/\/www.mecauto.es\/#website"},"datePublished":"2016-09-13T13:29:16+00:00","dateModified":"2019-07-05T15:42:35+00:00","description":"Die BG-Serie ist auf selbstschmierenden Bronzelagern basiert, die keine Wartung erfordern, da die mit Festschmierstoffmaterialien","breadcrumb":{"@id":"https:\/\/www.mecauto.es\/cojinetes-de-bronce-autolubricados\/#breadcrumb"},"inLanguage":"de-DE","potentialAction":[{"@type":"ReadAction","target":["https:\/\/www.mecauto.es\/cojinetes-de-bronce-autolubricados\/"]}]},{"@type":"BreadcrumbList","@id":"https:\/\/www.mecauto.es\/cojinetes-de-bronce-autolubricados\/#breadcrumb","itemListElement":[{"@type":"ListItem","position":1,"name":"Portada","item":"https:\/\/www.mecauto.es\/"},{"@type":"ListItem","position":2,"name":"Selbschmierende Gleitlager"}]},{"@type":"WebSite","@id":"https:\/\/www.mecauto.es\/#website","url":"https:\/\/www.mecauto.es\/","name":"Mecauto","description":"","potentialAction":[{"@type":"SearchAction","target":{"@type":"EntryPoint","urlTemplate":"https:\/\/www.mecauto.es\/?s={search_term_string}"},"query-input":{"@type":"PropertyValueSpecification","valueRequired":true,"valueName":"search_term_string"}}],"inLanguage":"de-DE"}]}},"_links":{"self":[{"href":"https:\/\/www.mecauto.es\/de\/wp-json\/wp\/v2\/pages\/3569","targetHints":{"allow":["GET"]}}],"collection":[{"href":"https:\/\/www.mecauto.es\/de\/wp-json\/wp\/v2\/pages"}],"about":[{"href":"https:\/\/www.mecauto.es\/de\/wp-json\/wp\/v2\/types\/page"}],"author":[{"embeddable":true,"href":"https:\/\/www.mecauto.es\/de\/wp-json\/wp\/v2\/users\/127"}],"replies":[{"embeddable":true,"href":"https:\/\/www.mecauto.es\/de\/wp-json\/wp\/v2\/comments?post=3569"}],"version-history":[{"count":0,"href":"https:\/\/www.mecauto.es\/de\/wp-json\/wp\/v2\/pages\/3569\/revisions"}],"wp:attachment":[{"href":"https:\/\/www.mecauto.es\/de\/wp-json\/wp\/v2\/media?parent=3569"}],"curies":[{"name":"wp","href":"https:\/\/api.w.org\/{rel}","templated":true}]}}