{"id":3562,"date":"2016-09-13T15:31:57","date_gmt":"2016-09-13T13:31:57","guid":{"rendered":"https:\/\/mecautoes.wpengine.com\/produccion-integrada\/"},"modified":"2019-02-04T13:35:41","modified_gmt":"2019-02-04T12:35:41","slug":"integrierte-produktion","status":"publish","type":"page","link":"https:\/\/www.mecauto.es\/de\/der-werk\/integrierte-produktion\/","title":{"rendered":"Integrierte Produktion"},"content":{"rendered":"<p><div class=\"fusion-fullwidth fullwidth-box fusion-builder-row-1 fusion-flex-container grupo-wisco nonhundred-percent-fullwidth non-hundred-percent-height-scrolling\" style=\"--awb-background-position:left top;--awb-border-radius-top-left:0px;--awb-border-radius-top-right:0px;--awb-border-radius-bottom-right:0px;--awb-border-radius-bottom-left:0px;--awb-padding-top:0px;--awb-padding-bottom:45px;--awb-border-sizes-top:0px;--awb-border-sizes-bottom:0px;--awb-flex-wrap:wrap;\" ><div class=\"fusion-builder-row fusion-row fusion-flex-align-items-stretch fusion-flex-content-wrap\" style=\"max-width:1248px;margin-left: calc(-4% \/ 2 );margin-right: calc(-4% \/ 2 );\"><div class=\"fusion-layout-column fusion_builder_column fusion-builder-column-0 fusion_builder_column_1_3 1_3 fusion-flex-column fusion-column-inner-bg-wrapper\" style=\"--awb-inner-bg-color:#f4f4f4;--awb-inner-bg-color-hover:#f4f4f4;--awb-inner-bg-size:cover;--awb-width-large:33.3333333333%;--awb-margin-top-large:0px;--awb-spacing-right-large:3.83999999999%;--awb-margin-bottom-large:20px;--awb-spacing-left-large:5.76%;--awb-width-medium:33.3333333333%;--awb-spacing-right-medium:3.83999999999%;--awb-spacing-left-medium:5.76%;--awb-width-small:100%;--awb-spacing-right-small:1.92%;--awb-spacing-left-small:1.92%;\"><span class=\"fusion-column-inner-bg hover-type-none\"><a class=\"fusion-column-anchor\" href=\"http:\/\/wisco.es\" rel=\"noopener noreferrer\" target=\"_blank\"><span class=\"fusion-column-inner-bg-image\"><\/span><\/a><\/span><div class=\"fusion-column-wrapper fusion-flex-justify-content-center fusion-content-layout-column\"><div class=\"fusion-image-element \" style=\"text-align:center;--awb-caption-title-font-family:var(--h2_typography-font-family);--awb-caption-title-font-weight:var(--h2_typography-font-weight);--awb-caption-title-font-style:var(--h2_typography-font-style);--awb-caption-title-size:var(--h2_typography-font-size);--awb-caption-title-transform:var(--h2_typography-text-transform);--awb-caption-title-line-height:var(--h2_typography-line-height);--awb-caption-title-letter-spacing:var(--h2_typography-letter-spacing);\"><span class=\" fusion-imageframe imageframe-none imageframe-1 hover-type-none\"><a class=\"fusion-no-lightbox\" href=\"http:\/\/wisco.es\" target=\"_blank\" aria-label=\"logo-grupo-wisco-75\" rel=\"noopener noreferrer\"><img decoding=\"async\" width=\"204\" height=\"75\" src=\"https:\/\/mecautoes.wpengine.com\/wp-content\/uploads\/2018\/11\/logo-grupo-wisco-75.png\" alt class=\"img-responsive wp-image-3077\" srcset=\"https:\/\/www.mecauto.es\/wp-content\/uploads\/2018\/11\/logo-grupo-wisco-75-200x74.png 200w, https:\/\/www.mecauto.es\/wp-content\/uploads\/2018\/11\/logo-grupo-wisco-75.png 204w\" sizes=\"(max-width: 640px) 100vw, 204px\" \/><\/a><\/span><\/div><\/div><\/div><div class=\"fusion-layout-column fusion_builder_column fusion-builder-column-1 fusion_builder_column_2_3 2_3 fusion-flex-column\" style=\"--awb-bg-size:cover;--awb-width-large:66.6666666667%;--awb-margin-top-large:0px;--awb-spacing-right-large:2.88%;--awb-margin-bottom-large:20px;--awb-spacing-left-large:3.84%;--awb-width-medium:66.6666666667%;--awb-spacing-right-medium:2.88%;--awb-spacing-left-medium:3.84%;--awb-width-small:100%;--awb-spacing-right-small:1.92%;--awb-spacing-left-small:1.92%;\"><div class=\"fusion-column-wrapper fusion-flex-justify-content-flex-start fusion-content-layout-column\"><div class=\"fusion-text fusion-text-1\"><h4 class=\"linea-inferior\">Zugeh\u00f6rigkeit zur WISCO-Gruppe<\/h4>\n<p>MECAUTO wurde 1989 von WISCO ESPA\u00d1OLA, Strangguss und Schleuderguss Bronze Gisserei gegr\u00fcndet, um die Anforderungen seiner Kunden in Bezug auf fertige Teile aus Bronze, Cuproaluminium und Sondermessing zu erf\u00fcllen.<\/p>\n<p>Alle unsere Teile werden mit WISCO entwickelten Legierungen hergestellt, wodurch wir die maximale Qualit\u00e4t und R\u00fcckverfolgbarkeit der Teile garantieren k\u00f6nnen.<\/p>\n<\/div><\/div><\/div><\/div><\/div><div class=\"fusion-fullwidth fullwidth-box fusion-builder-row-2 fusion-flex-container nonhundred-percent-fullwidth non-hundred-percent-height-scrolling\" style=\"--awb-background-position:left top;--awb-border-radius-top-left:0px;--awb-border-radius-top-right:0px;--awb-border-radius-bottom-right:0px;--awb-border-radius-bottom-left:0px;--awb-padding-top:45px;--awb-padding-bottom:20px;--awb-background-color:#f9f9f9;--awb-border-sizes-top:0px;--awb-border-sizes-bottom:0px;--awb-flex-wrap:wrap;\" ><div class=\"fusion-builder-row fusion-row fusion-flex-align-items-flex-start fusion-flex-content-wrap\" style=\"max-width:calc( 1200px + 0px );margin-left: calc(-0px \/ 2 );margin-right: calc(-0px \/ 2 );\"><div class=\"fusion-layout-column fusion_builder_column fusion-builder-column-2 fusion_builder_column_1_1 1_1 fusion-flex-column\" style=\"--awb-bg-size:cover;--awb-width-large:100%;--awb-margin-top-large:0px;--awb-spacing-right-large:0px;--awb-margin-bottom-large:0px;--awb-spacing-left-large:0px;--awb-width-medium:100%;--awb-spacing-right-medium:0px;--awb-spacing-left-medium:0px;--awb-width-small:100%;--awb-spacing-right-small:0px;--awb-spacing-left-small:0px;\"><div class=\"fusion-column-wrapper fusion-flex-justify-content-flex-start fusion-content-layout-column\"><div class=\"fusion-title title fusion-title-1 fusion-sep-none fusion-title-center fusion-title-text fusion-title-size-two\" style=\"--awb-margin-bottom:10px;\"><h2 class=\"fusion-title-heading title-heading-center fusion-responsive-typography-calculated\" style=\"margin:0;--fontSize:24;line-height:1.5;\">Integrierte Produktion<\/h2><\/div><div class=\"fusion-text fusion-text-2\"><p style=\"text-align: center;\">Als Teil der WISCO Gruppe, bietet MECAUTO eine integrierte Produktion von Rohstoffen und Schmelzen bis zum Endprodukt.<\/p>\n<\/div><\/div><\/div><\/div><\/div><div class=\"fusion-fullwidth fullwidth-box fusion-builder-row-3 fusion-flex-container proceso-produccion-integrada hundred-percent-fullwidth non-hundred-percent-height-scrolling\" style=\"--awb-background-position:left top;--awb-border-radius-top-left:0px;--awb-border-radius-top-right:0px;--awb-border-radius-bottom-right:0px;--awb-border-radius-bottom-left:0px;--awb-padding-top:0px;--awb-padding-right:0px;--awb-padding-bottom:20px;--awb-padding-left:0px;--awb-border-sizes-top:0px;--awb-border-sizes-bottom:0px;--awb-flex-wrap:wrap;\" ><div class=\"fusion-builder-row fusion-row fusion-flex-align-items-stretch fusion-flex-content-wrap\" style=\"width:calc( 100% + 0px ) !important;max-width:calc( 100% + 0px ) !important;margin-left: calc(-0px \/ 2 );margin-right: calc(-0px \/ 2 );\"><div class=\"fusion-layout-column fusion_builder_column fusion-builder-column-3 fusion_builder_column_1_4 1_4 fusion-flex-column fusion-column-inner-bg-wrapper\" style=\"--awb-padding-top:20%;--awb-padding-right:20%;--awb-padding-bottom:20%;--awb-padding-left:20%;--awb-inner-bg-image:url(&#039;https:\/\/mecautoes.wpengine.com\/wp-content\/uploads\/2018\/11\/Purchase-Bronze-Scrap.jpg&#039;);--awb-inner-bg-position:center center;--awb-inner-bg-size:cover;--awb-width-large:25%;--awb-margin-top-large:0px;--awb-spacing-right-large:0px;--awb-margin-bottom-large:20px;--awb-spacing-left-large:0px;--awb-width-medium:25%;--awb-spacing-right-medium:0px;--awb-spacing-left-medium:0px;--awb-width-small:100%;--awb-spacing-right-small:0px;--awb-spacing-left-small:0px;\"><span class=\"fusion-column-inner-bg hover-type-zoomin\"><span class=\"fusion-column-anchor\"><span class=\"fusion-column-inner-bg-image\"><\/span><\/span><\/span><div class=\"fusion-column-wrapper fusion-flex-justify-content-center fusion-content-layout-column fusion-column-has-bg-image\" data-bg-url=\"https:\/\/mecautoes.wpengine.com\/wp-content\/uploads\/2018\/11\/Purchase-Bronze-Scrap.jpg\"><div class=\"fusion-title title fusion-title-2 fusion-sep-none fusion-title-center fusion-title-text fusion-title-size-two\" style=\"--awb-margin-bottom:0px;\"><h2 class=\"fusion-title-heading title-heading-center fusion-responsive-typography-calculated\" style=\"margin:0;--fontSize:24;line-height:1.5;\">Rohmaterial<\/h2><\/div><\/div><\/div><div class=\"fusion-layout-column fusion_builder_column fusion-builder-column-4 fusion_builder_column_1_4 1_4 fusion-flex-column fusion-column-inner-bg-wrapper\" style=\"--awb-padding-top:20%;--awb-padding-right:20%;--awb-padding-bottom:20%;--awb-padding-left:20%;--awb-inner-bg-image:url(&#039;https:\/\/mecautoes.wpengine.com\/wp-content\/uploads\/2018\/12\/Produccion-integrada-fundicion-2.jpg&#039;);--awb-inner-bg-position:center center;--awb-inner-bg-size:cover;--awb-width-large:25%;--awb-margin-top-large:0px;--awb-spacing-right-large:0px;--awb-margin-bottom-large:20px;--awb-spacing-left-large:0px;--awb-width-medium:25%;--awb-spacing-right-medium:0px;--awb-spacing-left-medium:0px;--awb-width-small:100%;--awb-spacing-right-small:0px;--awb-spacing-left-small:0px;\"><span class=\"fusion-column-inner-bg hover-type-zoomin\"><span class=\"fusion-column-anchor\"><span class=\"fusion-column-inner-bg-image\"><\/span><\/span><\/span><div class=\"fusion-column-wrapper fusion-flex-justify-content-center fusion-content-layout-column fusion-column-has-bg-image\" data-bg-url=\"https:\/\/mecautoes.wpengine.com\/wp-content\/uploads\/2018\/12\/Produccion-integrada-fundicion-2.jpg\"><div class=\"fusion-title title fusion-title-3 fusion-sep-none fusion-title-center fusion-title-text fusion-title-size-two\" style=\"--awb-margin-bottom:0px;\"><h2 class=\"fusion-title-heading title-heading-center fusion-responsive-typography-calculated\" style=\"margin:0;--fontSize:24;line-height:1.5;\">Gie\u00dferei<\/h2><\/div><\/div><\/div><div class=\"fusion-layout-column fusion_builder_column fusion-builder-column-5 fusion_builder_column_1_4 1_4 fusion-flex-column fusion-column-inner-bg-wrapper\" style=\"--awb-padding-top:20%;--awb-padding-right:20%;--awb-padding-bottom:20%;--awb-padding-left:20%;--awb-inner-bg-image:url(&#039;https:\/\/mecautoes.wpengine.com\/wp-content\/uploads\/2018\/12\/Produccion-integrada-Mecanizado.jpg&#039;);--awb-inner-bg-position:center center;--awb-inner-bg-size:cover;--awb-width-large:25%;--awb-margin-top-large:0px;--awb-spacing-right-large:0px;--awb-margin-bottom-large:20px;--awb-spacing-left-large:0px;--awb-width-medium:25%;--awb-spacing-right-medium:0px;--awb-spacing-left-medium:0px;--awb-width-small:100%;--awb-spacing-right-small:0px;--awb-spacing-left-small:0px;\"><span class=\"fusion-column-inner-bg hover-type-zoomin\"><span class=\"fusion-column-anchor\"><span class=\"fusion-column-inner-bg-image\"><\/span><\/span><\/span><div class=\"fusion-column-wrapper fusion-flex-justify-content-center fusion-content-layout-column fusion-column-has-bg-image\" data-bg-url=\"https:\/\/mecautoes.wpengine.com\/wp-content\/uploads\/2018\/12\/Produccion-integrada-Mecanizado.jpg\"><div class=\"fusion-title title fusion-title-4 fusion-sep-none fusion-title-center fusion-title-text fusion-title-size-two\" style=\"--awb-margin-bottom:0px;\"><h2 class=\"fusion-title-heading title-heading-center fusion-responsive-typography-calculated\" style=\"margin:0;--fontSize:24;line-height:1.5;\">Bearbeitung<\/h2><\/div><\/div><\/div><div class=\"fusion-layout-column fusion_builder_column fusion-builder-column-6 fusion_builder_column_1_4 1_4 fusion-flex-column fusion-column-inner-bg-wrapper\" style=\"--awb-padding-top:20%;--awb-padding-right:20%;--awb-padding-bottom:20%;--awb-padding-left:20%;--awb-inner-bg-image:url(&#039;https:\/\/mecautoes.wpengine.com\/wp-content\/uploads\/2018\/12\/Produccion-integrada-inspeccion.jpg&#039;);--awb-inner-bg-size:cover;--awb-width-large:25%;--awb-margin-top-large:0px;--awb-spacing-right-large:0px;--awb-margin-bottom-large:20px;--awb-spacing-left-large:0px;--awb-width-medium:25%;--awb-spacing-right-medium:0px;--awb-spacing-left-medium:0px;--awb-width-small:100%;--awb-spacing-right-small:0px;--awb-spacing-left-small:0px;\"><span class=\"fusion-column-inner-bg hover-type-zoomin\"><span class=\"fusion-column-anchor\"><span class=\"fusion-column-inner-bg-image\"><\/span><\/span><\/span><div class=\"fusion-column-wrapper fusion-flex-justify-content-center fusion-content-layout-column fusion-column-has-bg-image\" data-bg-url=\"https:\/\/mecautoes.wpengine.com\/wp-content\/uploads\/2018\/12\/Produccion-integrada-inspeccion.jpg\"><div class=\"fusion-title title fusion-title-5 fusion-sep-none fusion-title-center fusion-title-text fusion-title-size-two\" style=\"--awb-margin-bottom:0px;\"><h2 class=\"fusion-title-heading title-heading-center fusion-responsive-typography-calculated\" style=\"margin:0;--fontSize:24;line-height:1.5;\">Inspektion<\/h2><\/div><\/div><\/div><\/div><\/div><div class=\"fusion-fullwidth fullwidth-box fusion-builder-row-4 fusion-flex-container grupo-wisco nonhundred-percent-fullwidth non-hundred-percent-height-scrolling\" style=\"--awb-background-position:left top;--awb-border-radius-top-left:0px;--awb-border-radius-top-right:0px;--awb-border-radius-bottom-right:0px;--awb-border-radius-bottom-left:0px;--awb-padding-top:45px;--awb-padding-bottom:45px;--awb-border-sizes-top:0px;--awb-border-sizes-bottom:0px;--awb-flex-wrap:wrap;\" ><div class=\"fusion-builder-row fusion-row fusion-flex-align-items-flex-start fusion-flex-content-wrap\" style=\"max-width:1248px;margin-left: calc(-4% \/ 2 );margin-right: calc(-4% \/ 2 );\"><div class=\"fusion-layout-column fusion_builder_column fusion-builder-column-7 fusion_builder_column_3_5 3_5 fusion-flex-column\" style=\"--awb-bg-size:cover;--awb-width-large:60%;--awb-margin-top-large:0px;--awb-spacing-right-large:3.84%;--awb-margin-bottom-large:20px;--awb-spacing-left-large:3.2%;--awb-width-medium:60%;--awb-spacing-right-medium:3.84%;--awb-spacing-left-medium:3.2%;--awb-width-small:100%;--awb-spacing-right-small:1.92%;--awb-spacing-left-small:1.92%;\"><div class=\"fusion-column-wrapper fusion-flex-justify-content-flex-start fusion-content-layout-column\"><div class=\"fusion-text fusion-text-3\"><p>Die Eigenproduktion der Legierungen, mit denen wir arbeiten, bietet erhebliche Vorteile bez\u00fcglich Qualit\u00e4t, Einheitlichkeit, R\u00fcckverfolgbarkeit und Serviceleistungen. Dies erm\u00f6glicht uns auch, w\u00e4hrend des gesamten Prozesses die maximale Kontrolle zu haben, so dass alle daran beteiligten Phasen von Anfang bis Ende einer umfassenden \u00dcberwachung unterliegen: Einkauf des Rohmaterials, angemessene Kombination derselben , Fertigungsprozesse, Messungen und Analysen, &#8230;, um sicherzustellen, dass das Produkt internationalen Standards entspricht.<\/p>\n<p>Wir verf\u00fcgen \u00fcber mehr als <strong>1.500 Tonnen Bronze aus verschiedenen Legierungen in unseren Werken vorr\u00e4tig.<\/strong><\/p>\n<\/div><\/div><\/div><div class=\"fusion-layout-column fusion_builder_column fusion-builder-column-8 fusion_builder_column_2_5 2_5 fusion-flex-column\" style=\"--awb-bg-size:cover;--awb-width-large:40%;--awb-margin-top-large:0px;--awb-spacing-right-large:4.8%;--awb-margin-bottom-large:20px;--awb-spacing-left-large:3.84%;--awb-width-medium:40%;--awb-spacing-right-medium:4.8%;--awb-spacing-left-medium:3.84%;--awb-width-small:100%;--awb-spacing-right-small:1.92%;--awb-spacing-left-small:1.92%;\"><div class=\"fusion-column-wrapper fusion-flex-justify-content-flex-start fusion-content-layout-column\"><div class=\"fusion-image-element \" style=\"--awb-caption-title-font-family:var(--h2_typography-font-family);--awb-caption-title-font-weight:var(--h2_typography-font-weight);--awb-caption-title-font-style:var(--h2_typography-font-style);--awb-caption-title-size:var(--h2_typography-font-size);--awb-caption-title-transform:var(--h2_typography-text-transform);--awb-caption-title-line-height:var(--h2_typography-line-height);--awb-caption-title-letter-spacing:var(--h2_typography-letter-spacing);\"><span class=\" fusion-imageframe imageframe-none imageframe-2 hover-type-none\"><img decoding=\"async\" width=\"600\" height=\"400\" title=\"Stock-permanente\" src=\"https:\/\/mecautoes.wpengine.com\/wp-content\/uploads\/2018\/11\/Stock-permanente.jpg\" alt class=\"img-responsive wp-image-3031\" srcset=\"https:\/\/www.mecauto.es\/wp-content\/uploads\/2018\/11\/Stock-permanente-200x133.jpg 200w, https:\/\/www.mecauto.es\/wp-content\/uploads\/2018\/11\/Stock-permanente-400x267.jpg 400w, https:\/\/www.mecauto.es\/wp-content\/uploads\/2018\/11\/Stock-permanente.jpg 600w\" sizes=\"(max-width: 640px) 100vw, 600px\" \/><\/span><\/div><\/div><\/div><\/div><\/div><\/p>\n","protected":false},"excerpt":{"rendered":"","protected":false},"author":127,"featured_media":0,"parent":3571,"menu_order":0,"comment_status":"closed","ping_status":"closed","template":"100-width.php","meta":{"footnotes":""},"class_list":["post-3562","page","type-page","status-publish","hentry"],"yoast_head":"<!-- This site is optimized with the Yoast SEO plugin v23.8 - https:\/\/yoast.com\/wordpress\/plugins\/seo\/ -->\n<title>Integrierte Produktion | Mecauto<\/title>\n<meta name=\"description\" content=\"Als Teil von Grupo Wisco bietet Mecauto eine integrierte Produktion vom Rohstoff \u00fcber die Gie\u00dferei bis zum Endprodukt.....\" \/>\n<meta name=\"robots\" content=\"index, follow, max-snippet:-1, max-image-preview:large, max-video-preview:-1\" \/>\n<link rel=\"canonical\" href=\"https:\/\/www.mecauto.es\/la-fabrica\/produccion-integrada\/\" \/>\n<meta property=\"og:locale\" content=\"de_DE\" \/>\n<meta property=\"og:type\" content=\"article\" \/>\n<meta property=\"og:title\" content=\"Integrierte Produktion | Mecauto\" \/>\n<meta property=\"og:description\" content=\"Als Teil von Grupo Wisco bietet Mecauto eine integrierte Produktion vom Rohstoff \u00fcber die Gie\u00dferei bis zum Endprodukt.....\" \/>\n<meta property=\"og:url\" content=\"https:\/\/www.mecauto.es\/la-fabrica\/produccion-integrada\/\" \/>\n<meta property=\"og:site_name\" content=\"Mecauto\" \/>\n<meta property=\"article:modified_time\" content=\"2019-02-04T12:35:41+00:00\" \/>\n<meta name=\"twitter:card\" content=\"summary_large_image\" \/>\n<meta name=\"twitter:label1\" content=\"Gesch\u00e4tzte Lesezeit\" \/>\n\t<meta name=\"twitter:data1\" content=\"8 Minuten\" \/>\n<script type=\"application\/ld+json\" class=\"yoast-schema-graph\">{\"@context\":\"https:\/\/schema.org\",\"@graph\":[{\"@type\":\"WebPage\",\"@id\":\"https:\/\/www.mecauto.es\/la-fabrica\/produccion-integrada\/\",\"url\":\"https:\/\/www.mecauto.es\/la-fabrica\/produccion-integrada\/\",\"name\":\"Integrierte Produktion | Mecauto\",\"isPartOf\":{\"@id\":\"https:\/\/www.mecauto.es\/#website\"},\"datePublished\":\"2016-09-13T13:31:57+00:00\",\"dateModified\":\"2019-02-04T12:35:41+00:00\",\"description\":\"Als Teil von Grupo Wisco bietet Mecauto eine integrierte Produktion vom Rohstoff \u00fcber die Gie\u00dferei bis zum Endprodukt.....\",\"breadcrumb\":{\"@id\":\"https:\/\/www.mecauto.es\/la-fabrica\/produccion-integrada\/#breadcrumb\"},\"inLanguage\":\"de-DE\",\"potentialAction\":[{\"@type\":\"ReadAction\",\"target\":[\"https:\/\/www.mecauto.es\/la-fabrica\/produccion-integrada\/\"]}]},{\"@type\":\"BreadcrumbList\",\"@id\":\"https:\/\/www.mecauto.es\/la-fabrica\/produccion-integrada\/#breadcrumb\",\"itemListElement\":[{\"@type\":\"ListItem\",\"position\":1,\"name\":\"Portada\",\"item\":\"https:\/\/www.mecauto.es\/\"},{\"@type\":\"ListItem\",\"position\":2,\"name\":\"Bronzeteile Hersteller\",\"item\":\"https:\/\/www.mecauto.es\/la-fabrica\/\"},{\"@type\":\"ListItem\",\"position\":3,\"name\":\"Integrierte Produktion\"}]},{\"@type\":\"WebSite\",\"@id\":\"https:\/\/www.mecauto.es\/#website\",\"url\":\"https:\/\/www.mecauto.es\/\",\"name\":\"Mecauto\",\"description\":\"\",\"potentialAction\":[{\"@type\":\"SearchAction\",\"target\":{\"@type\":\"EntryPoint\",\"urlTemplate\":\"https:\/\/www.mecauto.es\/?s={search_term_string}\"},\"query-input\":{\"@type\":\"PropertyValueSpecification\",\"valueRequired\":true,\"valueName\":\"search_term_string\"}}],\"inLanguage\":\"de-DE\"}]}<\/script>\n<!-- \/ Yoast SEO plugin. -->","yoast_head_json":{"title":"Integrierte Produktion | Mecauto","description":"Als Teil von Grupo Wisco bietet Mecauto eine integrierte Produktion vom Rohstoff \u00fcber die Gie\u00dferei bis zum Endprodukt.....","robots":{"index":"index","follow":"follow","max-snippet":"max-snippet:-1","max-image-preview":"max-image-preview:large","max-video-preview":"max-video-preview:-1"},"canonical":"https:\/\/www.mecauto.es\/la-fabrica\/produccion-integrada\/","og_locale":"de_DE","og_type":"article","og_title":"Integrierte Produktion | Mecauto","og_description":"Als Teil von Grupo Wisco bietet Mecauto eine integrierte Produktion vom Rohstoff \u00fcber die Gie\u00dferei bis zum Endprodukt.....","og_url":"https:\/\/www.mecauto.es\/la-fabrica\/produccion-integrada\/","og_site_name":"Mecauto","article_modified_time":"2019-02-04T12:35:41+00:00","twitter_card":"summary_large_image","twitter_misc":{"Gesch\u00e4tzte Lesezeit":"8 Minuten"},"schema":{"@context":"https:\/\/schema.org","@graph":[{"@type":"WebPage","@id":"https:\/\/www.mecauto.es\/la-fabrica\/produccion-integrada\/","url":"https:\/\/www.mecauto.es\/la-fabrica\/produccion-integrada\/","name":"Integrierte Produktion | Mecauto","isPartOf":{"@id":"https:\/\/www.mecauto.es\/#website"},"datePublished":"2016-09-13T13:31:57+00:00","dateModified":"2019-02-04T12:35:41+00:00","description":"Als Teil von Grupo Wisco bietet Mecauto eine integrierte Produktion vom Rohstoff \u00fcber die Gie\u00dferei bis zum Endprodukt.....","breadcrumb":{"@id":"https:\/\/www.mecauto.es\/la-fabrica\/produccion-integrada\/#breadcrumb"},"inLanguage":"de-DE","potentialAction":[{"@type":"ReadAction","target":["https:\/\/www.mecauto.es\/la-fabrica\/produccion-integrada\/"]}]},{"@type":"BreadcrumbList","@id":"https:\/\/www.mecauto.es\/la-fabrica\/produccion-integrada\/#breadcrumb","itemListElement":[{"@type":"ListItem","position":1,"name":"Portada","item":"https:\/\/www.mecauto.es\/"},{"@type":"ListItem","position":2,"name":"Bronzeteile Hersteller","item":"https:\/\/www.mecauto.es\/la-fabrica\/"},{"@type":"ListItem","position":3,"name":"Integrierte Produktion"}]},{"@type":"WebSite","@id":"https:\/\/www.mecauto.es\/#website","url":"https:\/\/www.mecauto.es\/","name":"Mecauto","description":"","potentialAction":[{"@type":"SearchAction","target":{"@type":"EntryPoint","urlTemplate":"https:\/\/www.mecauto.es\/?s={search_term_string}"},"query-input":{"@type":"PropertyValueSpecification","valueRequired":true,"valueName":"search_term_string"}}],"inLanguage":"de-DE"}]}},"_links":{"self":[{"href":"https:\/\/www.mecauto.es\/de\/wp-json\/wp\/v2\/pages\/3562","targetHints":{"allow":["GET"]}}],"collection":[{"href":"https:\/\/www.mecauto.es\/de\/wp-json\/wp\/v2\/pages"}],"about":[{"href":"https:\/\/www.mecauto.es\/de\/wp-json\/wp\/v2\/types\/page"}],"author":[{"embeddable":true,"href":"https:\/\/www.mecauto.es\/de\/wp-json\/wp\/v2\/users\/127"}],"replies":[{"embeddable":true,"href":"https:\/\/www.mecauto.es\/de\/wp-json\/wp\/v2\/comments?post=3562"}],"version-history":[{"count":0,"href":"https:\/\/www.mecauto.es\/de\/wp-json\/wp\/v2\/pages\/3562\/revisions"}],"up":[{"embeddable":true,"href":"https:\/\/www.mecauto.es\/de\/wp-json\/wp\/v2\/pages\/3571"}],"wp:attachment":[{"href":"https:\/\/www.mecauto.es\/de\/wp-json\/wp\/v2\/media?parent=3562"}],"curies":[{"name":"wp","href":"https:\/\/api.w.org\/{rel}","templated":true}]}}