{"id":3559,"date":"2016-09-13T15:33:08","date_gmt":"2016-09-13T13:33:08","guid":{"rendered":"https:\/\/mecautoes.wpengine.com\/politica-de-cookies\/"},"modified":"2021-11-08T13:58:58","modified_gmt":"2021-11-08T12:58:58","slug":"cookie-richtlinie","status":"publish","type":"page","link":"https:\/\/www.mecauto.es\/de\/cookie-richtlinie\/","title":{"rendered":"Cookie-Richtlinie"},"content":{"rendered":"<div class=\"fusion-fullwidth fullwidth-box fusion-builder-row-1 fusion-flex-container nonhundred-percent-fullwidth non-hundred-percent-height-scrolling\" style=\"--awb-border-radius-top-left:0px;--awb-border-radius-top-right:0px;--awb-border-radius-bottom-right:0px;--awb-border-radius-bottom-left:0px;--awb-flex-wrap:wrap;\" ><div class=\"fusion-builder-row fusion-row fusion-flex-align-items-flex-start fusion-flex-content-wrap\" style=\"max-width:calc( 1200px + 0px );margin-left: calc(-0px \/ 2 );margin-right: calc(-0px \/ 2 );\"><div class=\"fusion-layout-column fusion_builder_column fusion-builder-column-0 fusion_builder_column_1_1 1_1 fusion-flex-column\" style=\"--awb-bg-size:cover;--awb-width-large:100%;--awb-margin-top-large:0px;--awb-spacing-right-large:0px;--awb-margin-bottom-large:0px;--awb-spacing-left-large:0px;--awb-width-medium:100%;--awb-spacing-right-medium:0px;--awb-spacing-left-medium:0px;--awb-width-small:100%;--awb-spacing-right-small:0px;--awb-spacing-left-small:0px;\"><div class=\"fusion-column-wrapper fusion-flex-justify-content-flex-start fusion-content-layout-column\"><div class=\"fusion-text fusion-text-1\"><script\n\t\ttype=\"text\/javascript\"\n\t\tid=\"CookieDeclaration\"\n\t\tsrc=\"https:\/\/consent.cookiebot.com\/cb90a27c-74db-4767-960d-924bc42c5216\/cd.js\"\n\t\t\tdata-culture=\"DE\"\n\t\tasync><\/script>\n\n<\/div><div class=\"fusion-text fusion-text-2\"><p>F\u00fcr Analyse- und Werbe-Cookies ben\u00f6tigen wir Ihre Einwilligung, die wir einholen k\u00f6nnen, wenn Sie in der Informationsmeldung, die beim Aufruf unserer Website angezeigt wird, auf die Schaltfl\u00e4che \u201eIch akzeptiere\u201c klicken.<\/p>\n<p>Wenn Sie Cookies deaktivieren, k\u00f6nnen Sie weiterhin auf das Internet zugreifen, aber das Durchsuchen ist m\u00f6glicherweise nicht optimal und einige der angebotenen Dienste funktionieren m\u00f6glicherweise nicht richtig.<\/p>\n<p>Sie k\u00f6nnen die auf Ihrem Ger\u00e4t installierten Cookies \u00fcber das Konfigurationsmen\u00fc Ihres Internetbrowsers zulassen, blockieren oder l\u00f6schen, um Cookies zu blockieren oder den Benutzer zu benachrichtigen, wenn ein Server sie speichern m\u00f6chte. Die folgenden Links enthalten Informationen zur Konfiguration und \/ oder Deaktivierung von Cookies f\u00fcr jeden der wichtigsten auf dem Markt befindlichen Browser, damit der Benutzer entscheiden kann, ob er die Verwendung von Cookies akzeptiert oder nicht.<\/p>\n<ul>\n<li><a href=\"https:\/\/support.microsoft.com\/es-es\/windows\/eliminar-y-administrar-cookies-168dab11-0753-043d-7c16-ede5947fc64d\">Microsoft Internet Explorer:<\/a> Men\u00fc Extras &gt; Internetoptionen &gt; Datenschutz &gt; Einstellungen.<\/li>\n<li><a href=\"https:\/\/support.mozilla.org\/es\/kb\/habilitar-y-deshabilitar-cookies-sitios-web-rastrear-preferencias?redirectlocale=es&amp;redirectslug=habilitar-y-deshabilitar-cookies-que-los-sitios-we\">Firefox:<\/a> Men\u00fc Extras &gt; Optionen &gt; Datenschutz &gt; Cookies.<\/li>\n<li><a href=\"https:\/\/support.google.com\/accounts\/answer\/61416?hl=es\">Chrome:<\/a> Optionsmen\u00fc&gt; Erweiterte Optionen&gt; Datenschutz.<\/li>\n<li><a href=\"https:\/\/support.apple.com\/es-es\/guide\/safari\/sfri11471\/mac\">Safari:<\/a> Men\u00fc Einstellungen \/ Datenschutz.<\/li>\n<li><a href=\"https:\/\/support.apple.com\/es-es\/HT201265\">Safari para IOS<\/a> (iPhone und iPad): Einstellungsoption&gt; Safari.<\/li>\n<\/ul>\n<\/div><\/div><\/div><\/div><\/div>\n","protected":false},"excerpt":{"rendered":"","protected":false},"author":127,"featured_media":0,"parent":0,"menu_order":11,"comment_status":"closed","ping_status":"closed","template":"","meta":{"footnotes":""},"class_list":["post-3559","page","type-page","status-publish","hentry"],"yoast_head":"<!-- This site is optimized with the Yoast SEO plugin v23.8 - https:\/\/yoast.com\/wordpress\/plugins\/seo\/ -->\n<title>Cookie-Richtlinie | Mecauto<\/title>\n<meta name=\"description\" content=\"Diese Website verwendet Cookies. Diese Website wird verwendet, um Inhalte und Werbung zu personalisieren, Funktionen f\u00fcr soziale Netzwerke anzubieten und...\" \/>\n<meta name=\"robots\" content=\"index, follow, max-snippet:-1, max-image-preview:large, max-video-preview:-1\" \/>\n<link rel=\"canonical\" href=\"https:\/\/www.mecauto.es\/politica-de-cookies\/\" \/>\n<meta property=\"og:locale\" content=\"de_DE\" \/>\n<meta property=\"og:type\" content=\"article\" \/>\n<meta property=\"og:title\" content=\"Cookie-Richtlinie | Mecauto\" \/>\n<meta property=\"og:description\" content=\"Diese Website verwendet Cookies. Diese Website wird verwendet, um Inhalte und Werbung zu personalisieren, Funktionen f\u00fcr soziale Netzwerke anzubieten und...\" \/>\n<meta property=\"og:url\" content=\"https:\/\/www.mecauto.es\/politica-de-cookies\/\" \/>\n<meta property=\"og:site_name\" content=\"Mecauto\" \/>\n<meta property=\"article:modified_time\" content=\"2021-11-08T12:58:58+00:00\" \/>\n<meta name=\"twitter:card\" content=\"summary_large_image\" \/>\n<meta name=\"twitter:label1\" content=\"Gesch\u00e4tzte Lesezeit\" \/>\n\t<meta name=\"twitter:data1\" content=\"2 Minuten\" \/>\n<script type=\"application\/ld+json\" class=\"yoast-schema-graph\">{\"@context\":\"https:\/\/schema.org\",\"@graph\":[{\"@type\":\"WebPage\",\"@id\":\"https:\/\/www.mecauto.es\/politica-de-cookies\/\",\"url\":\"https:\/\/www.mecauto.es\/politica-de-cookies\/\",\"name\":\"Cookie-Richtlinie | Mecauto\",\"isPartOf\":{\"@id\":\"https:\/\/www.mecauto.es\/#website\"},\"datePublished\":\"2016-09-13T13:33:08+00:00\",\"dateModified\":\"2021-11-08T12:58:58+00:00\",\"description\":\"Diese Website verwendet Cookies. Diese Website wird verwendet, um Inhalte und Werbung zu personalisieren, Funktionen f\u00fcr soziale Netzwerke anzubieten und...\",\"breadcrumb\":{\"@id\":\"https:\/\/www.mecauto.es\/politica-de-cookies\/#breadcrumb\"},\"inLanguage\":\"de-DE\",\"potentialAction\":[{\"@type\":\"ReadAction\",\"target\":[\"https:\/\/www.mecauto.es\/politica-de-cookies\/\"]}]},{\"@type\":\"BreadcrumbList\",\"@id\":\"https:\/\/www.mecauto.es\/politica-de-cookies\/#breadcrumb\",\"itemListElement\":[{\"@type\":\"ListItem\",\"position\":1,\"name\":\"Portada\",\"item\":\"https:\/\/www.mecauto.es\/\"},{\"@type\":\"ListItem\",\"position\":2,\"name\":\"Cookie-Richtlinie\"}]},{\"@type\":\"WebSite\",\"@id\":\"https:\/\/www.mecauto.es\/#website\",\"url\":\"https:\/\/www.mecauto.es\/\",\"name\":\"Mecauto\",\"description\":\"\",\"potentialAction\":[{\"@type\":\"SearchAction\",\"target\":{\"@type\":\"EntryPoint\",\"urlTemplate\":\"https:\/\/www.mecauto.es\/?s={search_term_string}\"},\"query-input\":{\"@type\":\"PropertyValueSpecification\",\"valueRequired\":true,\"valueName\":\"search_term_string\"}}],\"inLanguage\":\"de-DE\"}]}<\/script>\n<!-- \/ Yoast SEO plugin. -->","yoast_head_json":{"title":"Cookie-Richtlinie | Mecauto","description":"Diese Website verwendet Cookies. Diese Website wird verwendet, um Inhalte und Werbung zu personalisieren, Funktionen f\u00fcr soziale Netzwerke anzubieten und...","robots":{"index":"index","follow":"follow","max-snippet":"max-snippet:-1","max-image-preview":"max-image-preview:large","max-video-preview":"max-video-preview:-1"},"canonical":"https:\/\/www.mecauto.es\/politica-de-cookies\/","og_locale":"de_DE","og_type":"article","og_title":"Cookie-Richtlinie | Mecauto","og_description":"Diese Website verwendet Cookies. Diese Website wird verwendet, um Inhalte und Werbung zu personalisieren, Funktionen f\u00fcr soziale Netzwerke anzubieten und...","og_url":"https:\/\/www.mecauto.es\/politica-de-cookies\/","og_site_name":"Mecauto","article_modified_time":"2021-11-08T12:58:58+00:00","twitter_card":"summary_large_image","twitter_misc":{"Gesch\u00e4tzte Lesezeit":"2 Minuten"},"schema":{"@context":"https:\/\/schema.org","@graph":[{"@type":"WebPage","@id":"https:\/\/www.mecauto.es\/politica-de-cookies\/","url":"https:\/\/www.mecauto.es\/politica-de-cookies\/","name":"Cookie-Richtlinie | Mecauto","isPartOf":{"@id":"https:\/\/www.mecauto.es\/#website"},"datePublished":"2016-09-13T13:33:08+00:00","dateModified":"2021-11-08T12:58:58+00:00","description":"Diese Website verwendet Cookies. Diese Website wird verwendet, um Inhalte und Werbung zu personalisieren, Funktionen f\u00fcr soziale Netzwerke anzubieten und...","breadcrumb":{"@id":"https:\/\/www.mecauto.es\/politica-de-cookies\/#breadcrumb"},"inLanguage":"de-DE","potentialAction":[{"@type":"ReadAction","target":["https:\/\/www.mecauto.es\/politica-de-cookies\/"]}]},{"@type":"BreadcrumbList","@id":"https:\/\/www.mecauto.es\/politica-de-cookies\/#breadcrumb","itemListElement":[{"@type":"ListItem","position":1,"name":"Portada","item":"https:\/\/www.mecauto.es\/"},{"@type":"ListItem","position":2,"name":"Cookie-Richtlinie"}]},{"@type":"WebSite","@id":"https:\/\/www.mecauto.es\/#website","url":"https:\/\/www.mecauto.es\/","name":"Mecauto","description":"","potentialAction":[{"@type":"SearchAction","target":{"@type":"EntryPoint","urlTemplate":"https:\/\/www.mecauto.es\/?s={search_term_string}"},"query-input":{"@type":"PropertyValueSpecification","valueRequired":true,"valueName":"search_term_string"}}],"inLanguage":"de-DE"}]}},"_links":{"self":[{"href":"https:\/\/www.mecauto.es\/de\/wp-json\/wp\/v2\/pages\/3559","targetHints":{"allow":["GET"]}}],"collection":[{"href":"https:\/\/www.mecauto.es\/de\/wp-json\/wp\/v2\/pages"}],"about":[{"href":"https:\/\/www.mecauto.es\/de\/wp-json\/wp\/v2\/types\/page"}],"author":[{"embeddable":true,"href":"https:\/\/www.mecauto.es\/de\/wp-json\/wp\/v2\/users\/127"}],"replies":[{"embeddable":true,"href":"https:\/\/www.mecauto.es\/de\/wp-json\/wp\/v2\/comments?post=3559"}],"version-history":[{"count":0,"href":"https:\/\/www.mecauto.es\/de\/wp-json\/wp\/v2\/pages\/3559\/revisions"}],"wp:attachment":[{"href":"https:\/\/www.mecauto.es\/de\/wp-json\/wp\/v2\/media?parent=3559"}],"curies":[{"name":"wp","href":"https:\/\/api.w.org\/{rel}","templated":true}]}}