{"id":3547,"date":"2016-09-13T17:11:15","date_gmt":"2016-09-13T15:11:15","guid":{"rendered":"https:\/\/mecautoes.wpengine.com\/servicio\/"},"modified":"2019-02-04T13:39:25","modified_gmt":"2019-02-04T12:39:25","slug":"service","status":"publish","type":"page","link":"https:\/\/www.mecauto.es\/de\/der-werk\/service\/","title":{"rendered":"Service"},"content":{"rendered":"<p><div class=\"fusion-fullwidth fullwidth-box fusion-builder-row-1 fusion-flex-container nonhundred-percent-fullwidth non-hundred-percent-height-scrolling\" style=\"--awb-background-position:right bottom;--awb-border-radius-top-left:0px;--awb-border-radius-top-right:0px;--awb-border-radius-bottom-right:0px;--awb-border-radius-bottom-left:0px;--awb-border-sizes-top:0px;--awb-border-sizes-bottom:0px;--awb-flex-wrap:wrap;\" ><div class=\"fusion-builder-row fusion-row fusion-flex-align-items-flex-start fusion-flex-content-wrap\" style=\"max-width:1248px;margin-left: calc(-4% \/ 2 );margin-right: calc(-4% \/ 2 );\"><div class=\"fusion-layout-column fusion_builder_column fusion-builder-column-0 fusion_builder_column_1_4 1_4 fusion-flex-column info-destacada\" style=\"--awb-bg-size:cover;--awb-width-large:25%;--awb-margin-top-large:0px;--awb-spacing-right-large:3.84%;--awb-margin-bottom-large:0px;--awb-spacing-left-large:7.68%;--awb-width-medium:25%;--awb-spacing-right-medium:3.84%;--awb-spacing-left-medium:7.68%;--awb-width-small:100%;--awb-spacing-right-small:1.92%;--awb-spacing-left-small:1.92%;\"><div class=\"fusion-column-wrapper fusion-flex-justify-content-flex-start fusion-content-layout-column\"><div class=\"fusion-text fusion-text-1\"><p>Wir bieten <strong>die besten Lieferzeiten <\/strong>auf dem Markt.<\/p>\n<\/div><\/div><\/div><div class=\"fusion-layout-column fusion_builder_column fusion-builder-column-1 fusion_builder_column_3_4 3_4 fusion-flex-column\" style=\"--awb-bg-size:cover;--awb-width-large:75%;--awb-margin-top-large:0px;--awb-spacing-right-large:2.56%;--awb-margin-bottom-large:20px;--awb-spacing-left-large:3.84%;--awb-width-medium:75%;--awb-spacing-right-medium:2.56%;--awb-spacing-left-medium:3.84%;--awb-width-small:100%;--awb-spacing-right-small:1.92%;--awb-spacing-left-small:1.92%;\"><div class=\"fusion-column-wrapper fusion-flex-justify-content-flex-start fusion-content-layout-column\"><div class=\"fusion-text fusion-text-2\"><h4 class=\"linea-inferior\">Kommerzieller Support<\/h4>\n<p>Wir bieten Flexibilit\u00e4t in unseren Gesch\u00e4ftsbedingungen um die Bed\u00fcrfnisse unserer Kunden anzupassen, wie zum Beispiel:<\/p>\n<ul class=\"arrow-right\">\n<li>Rahmenauftr\u00e4ge<\/li>\n<li>Feste Preise f\u00fcr eine bestimmte Zeit<\/li>\n<li>Teillieferungen auf Wunsch der Kunden<\/li>\n<li>Preise nach Losgr\u00f6\u00dfe<\/li>\n<\/ul>\n<\/div><\/div><\/div><\/div><\/div><div class=\"fusion-fullwidth fullwidth-box fusion-builder-row-2 fusion-flex-container nonhundred-percent-fullwidth non-hundred-percent-height-scrolling\" style=\"--awb-background-position:left top;--awb-border-radius-top-left:0px;--awb-border-radius-top-right:0px;--awb-border-radius-bottom-right:0px;--awb-border-radius-bottom-left:0px;--awb-padding-top:20px;--awb-padding-bottom:20px;--awb-border-sizes-top:0px;--awb-border-sizes-bottom:0px;--awb-flex-wrap:wrap;\" ><div class=\"fusion-builder-row fusion-row fusion-flex-align-items-flex-start fusion-flex-content-wrap\" style=\"max-width:1248px;margin-left: calc(-4% \/ 2 );margin-right: calc(-4% \/ 2 );\"><div class=\"fusion-layout-column fusion_builder_column fusion-builder-column-2 fusion_builder_column_2_3 2_3 fusion-flex-column\" style=\"--awb-bg-size:cover;--awb-width-large:66.6666666667%;--awb-margin-top-large:0px;--awb-spacing-right-large:3.84%;--awb-margin-bottom-large:20px;--awb-spacing-left-large:2.88%;--awb-width-medium:66.6666666667%;--awb-spacing-right-medium:3.84%;--awb-spacing-left-medium:2.88%;--awb-width-small:100%;--awb-spacing-right-small:1.92%;--awb-spacing-left-small:1.92%;\"><div class=\"fusion-column-wrapper fusion-flex-justify-content-flex-start fusion-content-layout-column\"><div class=\"fusion-text fusion-text-3\"><h4 class=\"linea-inferior\">Kurze Liefertermine<\/h4>\n<p>Als Teil der WISCO Gruppe haben wir mehr als 1.500 Tonnen von den haupts\u00e4chlichen Bronzen und Sondermessing am Lager. Dadurch k\u00f6nnen wir die <strong>besten Lieferzeiten auf dem Markt anbieten.<\/strong><\/p>\n<\/div><div class=\"fusion-separator fusion-full-width-sep\" style=\"align-self: center;margin-left: auto;margin-right: auto;margin-top:20px;margin-bottom:20px;width:100%;\"><\/div><div class=\"fusion-text fusion-text-4\"><h4 class=\"linea-inferior\">Kanban<\/h4>\n<p>Unsere Kunden haben auch die M\u00f6glichkeit, in Kanban zu arbeiten. Wir k\u00f6nnen gerne Fertigteilen lagern und auf Kundenwunsch liefern.<\/p>\n<\/div><\/div><\/div><div class=\"fusion-layout-column fusion_builder_column fusion-builder-column-3 fusion_builder_column_1_3 1_3 fusion-flex-column\" style=\"--awb-padding-top:30px;--awb-padding-right:30px;--awb-padding-bottom:30px;--awb-padding-left:30px;--awb-bg-image:url(&#039;https:\/\/mecautoes.wpengine.com\/wp-content\/uploads\/2018\/10\/world-map.png&#039;);--awb-bg-position:center center;--awb-bg-size:cover;--awb-border-color:#d0d0d0;--awb-border-top:1px;--awb-border-right:1px;--awb-border-bottom:1px;--awb-border-left:1px;--awb-border-style:solid;--awb-width-large:33.3333333333%;--awb-margin-top-large:0px;--awb-spacing-right-large:5.76%;--awb-margin-bottom-large:20px;--awb-spacing-left-large:3.83999999999%;--awb-width-medium:33.3333333333%;--awb-spacing-right-medium:5.76%;--awb-spacing-left-medium:3.83999999999%;--awb-width-small:100%;--awb-spacing-right-small:1.92%;--awb-spacing-left-small:1.92%;\"><div class=\"fusion-column-wrapper fusion-flex-justify-content-flex-start fusion-content-layout-column fusion-column-has-bg-image\" data-bg-url=\"https:\/\/mecautoes.wpengine.com\/wp-content\/uploads\/2018\/10\/world-map.png\"><div class=\"fusion-title title fusion-title-1 fusion-sep-none fusion-title-center fusion-title-text fusion-title-size-three\"><h3 class=\"fusion-title-heading title-heading-center fusion-responsive-typography-calculated\" style=\"margin:0;--fontSize:22;--minFontSize:22;line-height:1.5;\">Internationaler service<\/h3><\/div><div class=\"fusion-text fusion-text-5\"><p style=\"text-align: center;\">Wir haben einen internationalen Handlungsspielraum. Wir verf\u00fcgen \u00fcber ein mehrsprachiges Team und logistische Kapazit\u00e4ten, um die Bed\u00fcrfnisse der Kunden auf der ganzen Welt zu erf\u00fcllen.<\/p>\n<\/div><div class=\"fusion-separator fusion-full-width-sep\" style=\"align-self: center;margin-left: auto;margin-right: auto;margin-top:15px;margin-bottom:15px;width:100%;\"><\/div><div style=\"text-align:center;\"><a class=\"fusion-button button-flat fusion-button-default-size button-default fusion-button-default button-1 fusion-button-default-span fusion-button-default-type\" target=\"_self\" href=\"https:\/\/mecautoes.wpengine.com\/de\/kontakt\/\"><span class=\"fusion-button-text\"> Kontakt<\/span><\/a><\/div><\/div><\/div><div class=\"fusion-layout-column fusion_builder_column fusion-builder-column-4 fusion_builder_column_2_3 2_3 fusion-flex-column\" style=\"--awb-bg-size:cover;--awb-width-large:66.6666666667%;--awb-margin-top-large:0px;--awb-spacing-right-large:3.84%;--awb-margin-bottom-large:20px;--awb-spacing-left-large:2.88%;--awb-width-medium:66.6666666667%;--awb-spacing-right-medium:3.84%;--awb-spacing-left-medium:2.88%;--awb-width-small:100%;--awb-spacing-right-small:1.92%;--awb-spacing-left-small:1.92%;\"><div class=\"fusion-column-wrapper fusion-flex-justify-content-flex-start fusion-content-layout-column\"><div class=\"fusion-text fusion-text-6\"><h4 class=\"linea-inferior\">Ausgebildetes menschliches Team<\/h4>\n<p>Zur Unterst\u00fctzung unserer Kunden haben wir ein menschliches Team mit schnellen Reaktionsf\u00e4higkeiten<\/p>\n<ul class=\"arrow-right\">\n<li>Area Manager, der die besten technischen und wirtschaftlichen L\u00f6sungen f\u00fcr jeden Kunden entwickelt<\/li>\n<li>Qualifiziertes technisches Team mit langj\u00e4hriger Erfahrung zur Beratung bei der Konstruktion und Herstellung von Teilen und auch bei der Auswahl des am besten geeigneten Material<\/li>\n<li>Ein Management Team steht jederzeit f\u00fcr kommerzielle, logistische und finanzielle Unterst\u00fctzung zur Verf\u00fcgung<\/li>\n<\/ul>\n<\/div><div class=\"fusion-separator fusion-full-width-sep\" style=\"align-self: center;margin-left: auto;margin-right: auto;margin-top:30px;margin-bottom:30px;width:100%;\"><\/div><\/div><\/div><div class=\"fusion-layout-column fusion_builder_column fusion-builder-column-5 fusion_builder_column_1_3 1_3 fusion-flex-column\" style=\"--awb-bg-position:center center;--awb-bg-size:cover;--awb-border-color:#d0d0d0;--awb-border-top:1px;--awb-border-right:1px;--awb-border-bottom:1px;--awb-border-left:1px;--awb-border-style:solid;--awb-width-large:33.3333333333%;--awb-margin-top-large:0px;--awb-spacing-right-large:5.76%;--awb-margin-bottom-large:20px;--awb-spacing-left-large:3.83999999999%;--awb-width-medium:33.3333333333%;--awb-spacing-right-medium:5.76%;--awb-spacing-left-medium:3.83999999999%;--awb-width-small:100%;--awb-spacing-right-small:1.92%;--awb-spacing-left-small:1.92%;\"><div class=\"fusion-column-wrapper fusion-flex-justify-content-flex-start fusion-content-layout-column\"><div class=\"fusion-image-element \" style=\"--awb-caption-title-font-family:var(--h2_typography-font-family);--awb-caption-title-font-weight:var(--h2_typography-font-weight);--awb-caption-title-font-style:var(--h2_typography-font-style);--awb-caption-title-size:var(--h2_typography-font-size);--awb-caption-title-transform:var(--h2_typography-text-transform);--awb-caption-title-line-height:var(--h2_typography-line-height);--awb-caption-title-letter-spacing:var(--h2_typography-letter-spacing);\"><span class=\" fusion-imageframe imageframe-none imageframe-1 hover-type-none\"><img decoding=\"async\" width=\"480\" height=\"320\" title=\"equipo-humano\" src=\"https:\/\/mecautoes.wpengine.com\/wp-content\/uploads\/2018\/12\/equipo-humano.jpg\" alt class=\"img-responsive wp-image-3150\" srcset=\"https:\/\/www.mecauto.es\/wp-content\/uploads\/2018\/12\/equipo-humano-200x133.jpg 200w, https:\/\/www.mecauto.es\/wp-content\/uploads\/2018\/12\/equipo-humano-400x267.jpg 400w, https:\/\/www.mecauto.es\/wp-content\/uploads\/2018\/12\/equipo-humano.jpg 480w\" sizes=\"(max-width: 640px) 100vw, 400px\" \/><\/span><\/div><\/div><\/div><div class=\"fusion-layout-column fusion_builder_column fusion-builder-column-6 fusion_builder_column_1_5 1_5 fusion-flex-column\" style=\"--awb-bg-size:cover;--awb-width-large:20%;--awb-margin-top-large:0px;--awb-spacing-right-large:9.6%;--awb-margin-bottom-large:20px;--awb-spacing-left-large:9.6%;--awb-width-medium:20%;--awb-spacing-right-medium:9.6%;--awb-spacing-left-medium:9.6%;--awb-width-small:100%;--awb-spacing-right-small:1.92%;--awb-spacing-left-small:1.92%;\"><div class=\"fusion-column-wrapper fusion-flex-justify-content-flex-start fusion-content-layout-column\"><\/div><\/div><div class=\"fusion-layout-column fusion_builder_column fusion-builder-column-7 fusion_builder_column_3_5 3_5 fusion-flex-column info-destacada\" style=\"--awb-bg-size:cover;--awb-width-large:60%;--awb-margin-top-large:0px;--awb-spacing-right-large:3.2%;--awb-margin-bottom-large:0px;--awb-spacing-left-large:3.2%;--awb-width-medium:60%;--awb-spacing-right-medium:3.2%;--awb-spacing-left-medium:3.2%;--awb-width-small:100%;--awb-spacing-right-small:1.92%;--awb-spacing-left-small:1.92%;\"><div class=\"fusion-column-wrapper fusion-flex-justify-content-flex-start fusion-content-layout-column\"><div class=\"fusion-text fusion-text-7\"><p style=\"text-align: center;\"><strong>Unsere Kundenorientierung<\/strong> aus allen Bereichen des Unternehmens ist unerl\u00e4sslich, um unseren Verpflichtungen <strong>bez\u00fcglich Qualit\u00e4t und Lieferzeiten zu garantieren<\/strong><\/p>\n<\/div><\/div><\/div><div class=\"fusion-layout-column fusion_builder_column fusion-builder-column-8 fusion_builder_column_1_5 1_5 fusion-flex-column\" style=\"--awb-bg-size:cover;--awb-width-large:20%;--awb-margin-top-large:0px;--awb-spacing-right-large:9.6%;--awb-margin-bottom-large:20px;--awb-spacing-left-large:9.6%;--awb-width-medium:20%;--awb-spacing-right-medium:9.6%;--awb-spacing-left-medium:9.6%;--awb-width-small:100%;--awb-spacing-right-small:1.92%;--awb-spacing-left-small:1.92%;\"><div class=\"fusion-column-wrapper fusion-flex-justify-content-flex-start fusion-content-layout-column\"><\/div><\/div><\/div><\/div><\/p>\n","protected":false},"excerpt":{"rendered":"","protected":false},"author":127,"featured_media":0,"parent":3571,"menu_order":0,"comment_status":"closed","ping_status":"closed","template":"","meta":{"footnotes":""},"class_list":["post-3547","page","type-page","status-publish","hentry"],"yoast_head":"<!-- This site is optimized with the Yoast SEO plugin v23.8 - https:\/\/yoast.com\/wordpress\/plugins\/seo\/ -->\n<title>Service | Mecauto<\/title>\n<meta name=\"description\" content=\"Strategischen Ziele ist die Flexibilit\u00e4t. So k\u00f6nnen wir uns an die Bed\u00fcrfnisse unserer Kunden anpassen um partnerschaftliche Beziehungen aufzubauen.\" \/>\n<meta name=\"robots\" content=\"index, follow, max-snippet:-1, max-image-preview:large, max-video-preview:-1\" \/>\n<link rel=\"canonical\" href=\"https:\/\/www.mecauto.es\/la-fabrica\/servicio\/\" \/>\n<meta property=\"og:locale\" content=\"de_DE\" \/>\n<meta property=\"og:type\" content=\"article\" \/>\n<meta property=\"og:title\" content=\"Service | Mecauto\" \/>\n<meta property=\"og:description\" content=\"Strategischen Ziele ist die Flexibilit\u00e4t. So k\u00f6nnen wir uns an die Bed\u00fcrfnisse unserer Kunden anpassen um partnerschaftliche Beziehungen aufzubauen.\" \/>\n<meta property=\"og:url\" content=\"https:\/\/www.mecauto.es\/la-fabrica\/servicio\/\" \/>\n<meta property=\"og:site_name\" content=\"Mecauto\" \/>\n<meta property=\"article:modified_time\" content=\"2019-02-04T12:39:25+00:00\" \/>\n<meta name=\"twitter:card\" content=\"summary_large_image\" \/>\n<meta name=\"twitter:label1\" content=\"Gesch\u00e4tzte Lesezeit\" \/>\n\t<meta name=\"twitter:data1\" content=\"8 Minuten\" \/>\n<script type=\"application\/ld+json\" class=\"yoast-schema-graph\">{\"@context\":\"https:\/\/schema.org\",\"@graph\":[{\"@type\":\"WebPage\",\"@id\":\"https:\/\/www.mecauto.es\/la-fabrica\/servicio\/\",\"url\":\"https:\/\/www.mecauto.es\/la-fabrica\/servicio\/\",\"name\":\"Service | Mecauto\",\"isPartOf\":{\"@id\":\"https:\/\/www.mecauto.es\/#website\"},\"datePublished\":\"2016-09-13T15:11:15+00:00\",\"dateModified\":\"2019-02-04T12:39:25+00:00\",\"description\":\"Strategischen Ziele ist die Flexibilit\u00e4t. So k\u00f6nnen wir uns an die Bed\u00fcrfnisse unserer Kunden anpassen um partnerschaftliche Beziehungen aufzubauen.\",\"breadcrumb\":{\"@id\":\"https:\/\/www.mecauto.es\/la-fabrica\/servicio\/#breadcrumb\"},\"inLanguage\":\"de-DE\",\"potentialAction\":[{\"@type\":\"ReadAction\",\"target\":[\"https:\/\/www.mecauto.es\/la-fabrica\/servicio\/\"]}]},{\"@type\":\"BreadcrumbList\",\"@id\":\"https:\/\/www.mecauto.es\/la-fabrica\/servicio\/#breadcrumb\",\"itemListElement\":[{\"@type\":\"ListItem\",\"position\":1,\"name\":\"Portada\",\"item\":\"https:\/\/www.mecauto.es\/\"},{\"@type\":\"ListItem\",\"position\":2,\"name\":\"Bronzeteile Hersteller\",\"item\":\"https:\/\/www.mecauto.es\/la-fabrica\/\"},{\"@type\":\"ListItem\",\"position\":3,\"name\":\"Service\"}]},{\"@type\":\"WebSite\",\"@id\":\"https:\/\/www.mecauto.es\/#website\",\"url\":\"https:\/\/www.mecauto.es\/\",\"name\":\"Mecauto\",\"description\":\"\",\"potentialAction\":[{\"@type\":\"SearchAction\",\"target\":{\"@type\":\"EntryPoint\",\"urlTemplate\":\"https:\/\/www.mecauto.es\/?s={search_term_string}\"},\"query-input\":{\"@type\":\"PropertyValueSpecification\",\"valueRequired\":true,\"valueName\":\"search_term_string\"}}],\"inLanguage\":\"de-DE\"}]}<\/script>\n<!-- \/ Yoast SEO plugin. -->","yoast_head_json":{"title":"Service | Mecauto","description":"Strategischen Ziele ist die Flexibilit\u00e4t. So k\u00f6nnen wir uns an die Bed\u00fcrfnisse unserer Kunden anpassen um partnerschaftliche Beziehungen aufzubauen.","robots":{"index":"index","follow":"follow","max-snippet":"max-snippet:-1","max-image-preview":"max-image-preview:large","max-video-preview":"max-video-preview:-1"},"canonical":"https:\/\/www.mecauto.es\/la-fabrica\/servicio\/","og_locale":"de_DE","og_type":"article","og_title":"Service | Mecauto","og_description":"Strategischen Ziele ist die Flexibilit\u00e4t. So k\u00f6nnen wir uns an die Bed\u00fcrfnisse unserer Kunden anpassen um partnerschaftliche Beziehungen aufzubauen.","og_url":"https:\/\/www.mecauto.es\/la-fabrica\/servicio\/","og_site_name":"Mecauto","article_modified_time":"2019-02-04T12:39:25+00:00","twitter_card":"summary_large_image","twitter_misc":{"Gesch\u00e4tzte Lesezeit":"8 Minuten"},"schema":{"@context":"https:\/\/schema.org","@graph":[{"@type":"WebPage","@id":"https:\/\/www.mecauto.es\/la-fabrica\/servicio\/","url":"https:\/\/www.mecauto.es\/la-fabrica\/servicio\/","name":"Service | Mecauto","isPartOf":{"@id":"https:\/\/www.mecauto.es\/#website"},"datePublished":"2016-09-13T15:11:15+00:00","dateModified":"2019-02-04T12:39:25+00:00","description":"Strategischen Ziele ist die Flexibilit\u00e4t. So k\u00f6nnen wir uns an die Bed\u00fcrfnisse unserer Kunden anpassen um partnerschaftliche Beziehungen aufzubauen.","breadcrumb":{"@id":"https:\/\/www.mecauto.es\/la-fabrica\/servicio\/#breadcrumb"},"inLanguage":"de-DE","potentialAction":[{"@type":"ReadAction","target":["https:\/\/www.mecauto.es\/la-fabrica\/servicio\/"]}]},{"@type":"BreadcrumbList","@id":"https:\/\/www.mecauto.es\/la-fabrica\/servicio\/#breadcrumb","itemListElement":[{"@type":"ListItem","position":1,"name":"Portada","item":"https:\/\/www.mecauto.es\/"},{"@type":"ListItem","position":2,"name":"Bronzeteile Hersteller","item":"https:\/\/www.mecauto.es\/la-fabrica\/"},{"@type":"ListItem","position":3,"name":"Service"}]},{"@type":"WebSite","@id":"https:\/\/www.mecauto.es\/#website","url":"https:\/\/www.mecauto.es\/","name":"Mecauto","description":"","potentialAction":[{"@type":"SearchAction","target":{"@type":"EntryPoint","urlTemplate":"https:\/\/www.mecauto.es\/?s={search_term_string}"},"query-input":{"@type":"PropertyValueSpecification","valueRequired":true,"valueName":"search_term_string"}}],"inLanguage":"de-DE"}]}},"_links":{"self":[{"href":"https:\/\/www.mecauto.es\/de\/wp-json\/wp\/v2\/pages\/3547","targetHints":{"allow":["GET"]}}],"collection":[{"href":"https:\/\/www.mecauto.es\/de\/wp-json\/wp\/v2\/pages"}],"about":[{"href":"https:\/\/www.mecauto.es\/de\/wp-json\/wp\/v2\/types\/page"}],"author":[{"embeddable":true,"href":"https:\/\/www.mecauto.es\/de\/wp-json\/wp\/v2\/users\/127"}],"replies":[{"embeddable":true,"href":"https:\/\/www.mecauto.es\/de\/wp-json\/wp\/v2\/comments?post=3547"}],"version-history":[{"count":0,"href":"https:\/\/www.mecauto.es\/de\/wp-json\/wp\/v2\/pages\/3547\/revisions"}],"up":[{"embeddable":true,"href":"https:\/\/www.mecauto.es\/de\/wp-json\/wp\/v2\/pages\/3571"}],"wp:attachment":[{"href":"https:\/\/www.mecauto.es\/de\/wp-json\/wp\/v2\/media?parent=3547"}],"curies":[{"name":"wp","href":"https:\/\/api.w.org\/{rel}","templated":true}]}}