{"id":3532,"date":"2016-09-16T08:54:37","date_gmt":"2016-09-16T06:54:37","guid":{"rendered":"https:\/\/mecautoes.wpengine.com\/fabricante-de-piezas-de-bronce\/"},"modified":"2019-02-21T17:21:01","modified_gmt":"2019-02-21T16:21:01","slug":"bronzeteile-hersteller","status":"publish","type":"page","link":"https:\/\/www.mecauto.es\/de\/der-werk\/bronzeteile-hersteller\/","title":{"rendered":"Bronzeteile Hersteller"},"content":{"rendered":"<p><div class=\"fusion-fullwidth fullwidth-box fusion-builder-row-1 fusion-flex-container nonhundred-percent-fullwidth non-hundred-percent-height-scrolling\" style=\"--awb-border-radius-top-left:0px;--awb-border-radius-top-right:0px;--awb-border-radius-bottom-right:0px;--awb-border-radius-bottom-left:0px;--awb-flex-wrap:wrap;\" ><div class=\"fusion-builder-row fusion-row fusion-flex-align-items-flex-start fusion-flex-content-wrap\" style=\"max-width:calc( 1200px + 0px );margin-left: calc(-0px \/ 2 );margin-right: calc(-0px \/ 2 );\"><div class=\"fusion-layout-column fusion_builder_column fusion-builder-column-0 fusion_builder_column_1_1 1_1 fusion-flex-column\" style=\"--awb-bg-size:cover;--awb-width-large:100%;--awb-margin-top-large:0px;--awb-spacing-right-large:0px;--awb-margin-bottom-large:20px;--awb-spacing-left-large:0px;--awb-width-medium:100%;--awb-spacing-right-medium:0px;--awb-spacing-left-medium:0px;--awb-width-small:100%;--awb-spacing-right-small:0px;--awb-spacing-left-small:0px;\"><div class=\"fusion-column-wrapper fusion-flex-justify-content-flex-start fusion-content-layout-column\"><div class=\"fusion-video fusion-youtube\" style=\"--awb-max-width:854px;--awb-max-height:480px;--awb-align-self:center;--awb-width:100%;\"><div class=\"video-shortcode\"><div class=\"fluid-width-video-wrapper\" style=\"padding-top:56.21%;\" ><iframe title=\"YouTube video player 1\" src=\"https:\/\/www.youtube.com\/embed\/qkHPs6o6b0g?wmode=transparent&autoplay=0\" width=\"854\" height=\"480\" allowfullscreen allow=\"autoplay; fullscreen\"><\/iframe><\/div><\/div><\/div><\/div><\/div><\/div><\/div><div class=\"fusion-fullwidth fullwidth-box fusion-builder-row-2 fusion-flex-container nonhundred-percent-fullwidth non-hundred-percent-height-scrolling\" style=\"--awb-background-position:left top;--awb-border-radius-top-left:0px;--awb-border-radius-top-right:0px;--awb-border-radius-bottom-right:0px;--awb-border-radius-bottom-left:0px;--awb-padding-top:20px;--awb-padding-bottom:20px;--awb-border-sizes-top:0px;--awb-border-sizes-bottom:0px;--awb-flex-wrap:wrap;\" ><div class=\"fusion-builder-row fusion-row fusion-flex-align-items-flex-start fusion-flex-content-wrap\" style=\"max-width:1248px;margin-left: calc(-4% \/ 2 );margin-right: calc(-4% \/ 2 );\"><div class=\"fusion-layout-column fusion_builder_column fusion-builder-column-1 fusion_builder_column_2_3 2_3 fusion-flex-column\" style=\"--awb-bg-size:cover;--awb-width-large:66.6666666667%;--awb-margin-top-large:0px;--awb-spacing-right-large:3.84%;--awb-margin-bottom-large:20px;--awb-spacing-left-large:2.88%;--awb-width-medium:66.6666666667%;--awb-spacing-right-medium:3.84%;--awb-spacing-left-medium:2.88%;--awb-width-small:100%;--awb-spacing-right-small:1.92%;--awb-spacing-left-small:1.92%;\"><div class=\"fusion-column-wrapper fusion-flex-justify-content-flex-start fusion-content-layout-column\"><div class=\"fusion-text fusion-text-1\"><h4 class=\"linea-inferior\">Bronze und selbstschmierende Bronzeteile nach Zeichnung der Kunde.<\/h4>\n<p>MECAUTO, ein Unternehmen der WISCO-Gruppe, ist in die Herstellung von fertigen Bronzeteilen f\u00fcr den Kunden spezialisiert.<\/p>\n<p>Wir passen uns an die Bed\u00fcrfnisse unserer Kunden an und bieten unsere Kunden flexible Produktionskapazit\u00e4ten an, sowohl f\u00fcr Einzelteile als auch f\u00fcr gr\u00f6\u00dfere Losgr\u00f6\u00dfen oder Serien, wo wir immer enge Termine erhalten werden.<\/p>\n<p>Dank unserer Produktions- und Kontrollmittel, k\u00f6nnen wir die von unseren Kunden festgelegten Toleranzen und Spezifikationen erhalten und eine hohe Pr\u00e4zision erreichen.<\/p>\n<\/div><\/div><\/div><div class=\"fusion-layout-column fusion_builder_column fusion-builder-column-2 fusion_builder_column_1_3 1_3 fusion-flex-column\" style=\"--awb-bg-size:cover;--awb-width-large:33.3333333333%;--awb-margin-top-large:0px;--awb-spacing-right-large:5.76%;--awb-margin-bottom-large:20px;--awb-spacing-left-large:3.83999999999%;--awb-width-medium:33.3333333333%;--awb-spacing-right-medium:5.76%;--awb-spacing-left-medium:3.83999999999%;--awb-width-small:100%;--awb-spacing-right-small:1.92%;--awb-spacing-left-small:1.92%;\"><div class=\"fusion-column-wrapper fusion-flex-justify-content-flex-start fusion-content-layout-column\"><div class=\"fusion-image-element \" style=\"--awb-caption-title-font-family:var(--h2_typography-font-family);--awb-caption-title-font-weight:var(--h2_typography-font-weight);--awb-caption-title-font-style:var(--h2_typography-font-style);--awb-caption-title-size:var(--h2_typography-font-size);--awb-caption-title-transform:var(--h2_typography-text-transform);--awb-caption-title-line-height:var(--h2_typography-line-height);--awb-caption-title-letter-spacing:var(--h2_typography-letter-spacing);\"><span class=\" fusion-imageframe imageframe-none imageframe-1 hover-type-none\"><img decoding=\"async\" width=\"600\" height=\"400\" title=\"bodegon-piezas-mecauto\" src=\"https:\/\/mecautoes.wpengine.com\/wp-content\/uploads\/2018\/11\/bodegon-piezas-mecauto.jpg\" alt class=\"img-responsive wp-image-3032\" srcset=\"https:\/\/www.mecauto.es\/wp-content\/uploads\/2018\/11\/bodegon-piezas-mecauto-200x133.jpg 200w, https:\/\/www.mecauto.es\/wp-content\/uploads\/2018\/11\/bodegon-piezas-mecauto-400x267.jpg 400w, https:\/\/www.mecauto.es\/wp-content\/uploads\/2018\/11\/bodegon-piezas-mecauto.jpg 600w\" sizes=\"(max-width: 640px) 100vw, 400px\" \/><\/span><\/div><\/div><\/div><\/div><\/div><div class=\"fusion-fullwidth fullwidth-box fusion-builder-row-3 fusion-flex-container nonhundred-percent-fullwidth non-hundred-percent-height-scrolling\" style=\"--awb-background-position:left top;--awb-border-radius-top-left:0px;--awb-border-radius-top-right:0px;--awb-border-radius-bottom-right:0px;--awb-border-radius-bottom-left:0px;--awb-padding-top:20px;--awb-padding-bottom:20px;--awb-border-sizes-top:0px;--awb-border-sizes-bottom:0px;--awb-flex-wrap:wrap;\" ><div class=\"fusion-builder-row fusion-row fusion-flex-align-items-stretch fusion-flex-content-wrap\" style=\"max-width:1248px;margin-left: calc(-4% \/ 2 );margin-right: calc(-4% \/ 2 );\"><div class=\"fusion-layout-column fusion_builder_column fusion-builder-column-3 fusion_builder_column_2_3 2_3 fusion-flex-column\" style=\"--awb-bg-size:cover;--awb-width-large:66.6666666667%;--awb-margin-top-large:0px;--awb-spacing-right-large:3.84%;--awb-margin-bottom-large:20px;--awb-spacing-left-large:2.88%;--awb-width-medium:66.6666666667%;--awb-spacing-right-medium:3.84%;--awb-spacing-left-medium:2.88%;--awb-width-small:100%;--awb-spacing-right-small:1.92%;--awb-spacing-left-small:1.92%;\"><div class=\"fusion-column-wrapper fusion-flex-justify-content-flex-start fusion-content-layout-column\"><div class=\"fusion-text fusion-text-2\"><h4 class=\"linea-inferior\">Bronze Kenntnis<\/h4>\n<p>Die Bronze eignet sich aufgrund ihres niedrigen Reibungskoeffizienten, ihrer hohen W\u00e4rme\u00fcbertragung sowie ihrer guten H\u00e4rte, Z\u00e4higkeit und Korrosionsbest\u00e4ndigkeit f\u00fcr den Einsatz in Gleitlagern.<\/p>\n<p>In MECAUTO verf\u00fcgen wir \u00fcber 30 Jahre Erfahrung in der Bearbeitung von Bronze aus verschiedenen Legierungen. So k\u00f6nnen wir die verschiedenen Materialien Bearbeitungsprozesse kontrollieren und so ein optimales Ergebnis erzielen. Da wir nur mit Bronzen aus der Gie\u00dferei unserer Gruppe arbeiten, k\u00f6nnen wir ein Produkt von der h\u00f6chsten Qualit\u00e4t und Einheitlichkeit garantieren.<\/p>\n<\/div><\/div><\/div><div class=\"fusion-layout-column fusion_builder_column fusion-builder-column-4 fusion_builder_column_1_3 1_3 fusion-flex-column\" style=\"--awb-bg-size:cover;--awb-width-large:33.3333333333%;--awb-margin-top-large:0px;--awb-spacing-right-large:5.76%;--awb-margin-bottom-large:20px;--awb-spacing-left-large:3.83999999999%;--awb-width-medium:33.3333333333%;--awb-spacing-right-medium:5.76%;--awb-spacing-left-medium:3.83999999999%;--awb-width-small:100%;--awb-spacing-right-small:1.92%;--awb-spacing-left-small:1.92%;\"><div class=\"fusion-column-wrapper fusion-flex-justify-content-center fusion-content-layout-column\"><div class=\"fusion-image-element \" style=\"--awb-caption-title-font-family:var(--h2_typography-font-family);--awb-caption-title-font-weight:var(--h2_typography-font-weight);--awb-caption-title-font-style:var(--h2_typography-font-style);--awb-caption-title-size:var(--h2_typography-font-size);--awb-caption-title-transform:var(--h2_typography-text-transform);--awb-caption-title-line-height:var(--h2_typography-line-height);--awb-caption-title-letter-spacing:var(--h2_typography-letter-spacing);\"><span class=\" fusion-imageframe imageframe-none imageframe-2 hover-type-none\"><img decoding=\"async\" width=\"480\" height=\"320\" title=\"conocimiento-del-bronce-3\" src=\"https:\/\/mecautoes.wpengine.com\/wp-content\/uploads\/2018\/12\/conocimiento-del-bronce-3.jpg\" alt class=\"img-responsive wp-image-3145\" srcset=\"https:\/\/www.mecauto.es\/wp-content\/uploads\/2018\/12\/conocimiento-del-bronce-3-200x133.jpg 200w, https:\/\/www.mecauto.es\/wp-content\/uploads\/2018\/12\/conocimiento-del-bronce-3-400x267.jpg 400w, https:\/\/www.mecauto.es\/wp-content\/uploads\/2018\/12\/conocimiento-del-bronce-3.jpg 480w\" sizes=\"(max-width: 640px) 100vw, 400px\" \/><\/span><\/div><\/div><\/div><\/div><\/div><div class=\"fusion-fullwidth fullwidth-box fusion-builder-row-4 fusion-flex-container grupo-wisco nonhundred-percent-fullwidth non-hundred-percent-height-scrolling\" style=\"--awb-border-radius-top-left:0px;--awb-border-radius-top-right:0px;--awb-border-radius-bottom-right:0px;--awb-border-radius-bottom-left:0px;--awb-padding-top:60px;--awb-padding-bottom:20px;--awb-background-color:#f9f9f9;--awb-flex-wrap:wrap;\" ><div class=\"fusion-builder-row fusion-row fusion-flex-align-items-flex-start fusion-flex-content-wrap\" style=\"max-width:calc( 1200px + 0px );margin-left: calc(-0px \/ 2 );margin-right: calc(-0px \/ 2 );\"><div class=\"fusion-layout-column fusion_builder_column fusion-builder-column-5 fusion_builder_column_1_1 1_1 fusion-flex-column\" style=\"--awb-bg-size:cover;--awb-width-large:100%;--awb-margin-top-large:0px;--awb-spacing-right-large:0px;--awb-margin-bottom-large:20px;--awb-spacing-left-large:0px;--awb-width-medium:100%;--awb-spacing-right-medium:0px;--awb-spacing-left-medium:0px;--awb-width-small:100%;--awb-spacing-right-small:0px;--awb-spacing-left-small:0px;\"><div class=\"fusion-column-wrapper fusion-flex-justify-content-flex-start fusion-content-layout-column\"><div class=\"fusion-text fusion-text-3\"><ul class=\"iconos-info-destacada\">\n<li class=\"col-md-2 col-sm-4 col-xs-6 piezas\">Bearbeitete Bronzeteile<\/li>\n<li class=\"col-md-2 col-sm-4 col-xs-6 plano\">Fertigung nach Kunde Zeichnung<\/li>\n<li class=\"col-md-2 col-sm-4 col-xs-6 integrada\">Integrierte Produktion<\/li>\n<li class=\"col-md-2 col-sm-4 col-xs-6 internacional\">Internationaler Bedienung<\/li>\n<li class=\"col-md-2 col-sm-4 col-xs-6 experiencia\">30 Jahre Erfahrung<\/li>\n<li class=\"col-md-2 col-sm-4 col-xs-6 series\">Einzelteile und Serien<\/li>\n<\/ul>\n<\/div><\/div><\/div><\/div><\/div><\/p>\n","protected":false},"excerpt":{"rendered":"","protected":false},"author":127,"featured_media":0,"parent":3571,"menu_order":4,"comment_status":"closed","ping_status":"closed","template":"100-width.php","meta":{"footnotes":""},"class_list":["post-3532","page","type-page","status-publish","hentry"],"yoast_head":"<!-- This site is optimized with the Yoast SEO plugin v23.8 - https:\/\/yoast.com\/wordpress\/plugins\/seo\/ -->\n<title>Hersteller von Bronze und selbstschmierende Bronzeteile | Mecauto<\/title>\n<meta name=\"description\" content=\"Spezialist seit 1989 f\u00fcr die Herstellung von Bronze- und Bronzeteilen, die nach Plan selbstschmiert sind: Geh\u00e4use, Platten und andere Bronzeteile.\" \/>\n<meta name=\"robots\" content=\"index, follow, max-snippet:-1, max-image-preview:large, max-video-preview:-1\" \/>\n<link rel=\"canonical\" href=\"https:\/\/www.mecauto.es\/la-fabrica\/fabricante-de-piezas-de-bronce\/\" \/>\n<meta property=\"og:locale\" content=\"de_DE\" \/>\n<meta property=\"og:type\" content=\"article\" \/>\n<meta property=\"og:title\" content=\"Hersteller von Bronze und selbstschmierende Bronzeteile | Mecauto\" \/>\n<meta property=\"og:description\" content=\"Spezialist seit 1989 f\u00fcr die Herstellung von Bronze- und Bronzeteilen, die nach Plan selbstschmiert sind: Geh\u00e4use, Platten und andere Bronzeteile.\" \/>\n<meta property=\"og:url\" content=\"https:\/\/www.mecauto.es\/la-fabrica\/fabricante-de-piezas-de-bronce\/\" \/>\n<meta property=\"og:site_name\" content=\"Mecauto\" \/>\n<meta property=\"article:modified_time\" content=\"2019-02-21T16:21:01+00:00\" \/>\n<meta name=\"twitter:card\" content=\"summary_large_image\" \/>\n<meta name=\"twitter:label1\" content=\"Gesch\u00e4tzte Lesezeit\" \/>\n\t<meta name=\"twitter:data1\" content=\"6 Minuten\" \/>\n<script type=\"application\/ld+json\" class=\"yoast-schema-graph\">{\"@context\":\"https:\/\/schema.org\",\"@graph\":[{\"@type\":\"WebPage\",\"@id\":\"https:\/\/www.mecauto.es\/la-fabrica\/fabricante-de-piezas-de-bronce\/\",\"url\":\"https:\/\/www.mecauto.es\/la-fabrica\/fabricante-de-piezas-de-bronce\/\",\"name\":\"Hersteller von Bronze und selbstschmierende Bronzeteile | Mecauto\",\"isPartOf\":{\"@id\":\"https:\/\/www.mecauto.es\/#website\"},\"datePublished\":\"2016-09-16T06:54:37+00:00\",\"dateModified\":\"2019-02-21T16:21:01+00:00\",\"description\":\"Spezialist seit 1989 f\u00fcr die Herstellung von Bronze- und Bronzeteilen, die nach Plan selbstschmiert sind: Geh\u00e4use, Platten und andere Bronzeteile.\",\"breadcrumb\":{\"@id\":\"https:\/\/www.mecauto.es\/la-fabrica\/fabricante-de-piezas-de-bronce\/#breadcrumb\"},\"inLanguage\":\"de-DE\",\"potentialAction\":[{\"@type\":\"ReadAction\",\"target\":[\"https:\/\/www.mecauto.es\/la-fabrica\/fabricante-de-piezas-de-bronce\/\"]}]},{\"@type\":\"BreadcrumbList\",\"@id\":\"https:\/\/www.mecauto.es\/la-fabrica\/fabricante-de-piezas-de-bronce\/#breadcrumb\",\"itemListElement\":[{\"@type\":\"ListItem\",\"position\":1,\"name\":\"Portada\",\"item\":\"https:\/\/www.mecauto.es\/\"},{\"@type\":\"ListItem\",\"position\":2,\"name\":\"Bronzeteile Hersteller\",\"item\":\"https:\/\/www.mecauto.es\/la-fabrica\/\"},{\"@type\":\"ListItem\",\"position\":3,\"name\":\"Bronzeteile Hersteller\"}]},{\"@type\":\"WebSite\",\"@id\":\"https:\/\/www.mecauto.es\/#website\",\"url\":\"https:\/\/www.mecauto.es\/\",\"name\":\"Mecauto\",\"description\":\"\",\"potentialAction\":[{\"@type\":\"SearchAction\",\"target\":{\"@type\":\"EntryPoint\",\"urlTemplate\":\"https:\/\/www.mecauto.es\/?s={search_term_string}\"},\"query-input\":{\"@type\":\"PropertyValueSpecification\",\"valueRequired\":true,\"valueName\":\"search_term_string\"}}],\"inLanguage\":\"de-DE\"}]}<\/script>\n<!-- \/ Yoast SEO plugin. -->","yoast_head_json":{"title":"Hersteller von Bronze und selbstschmierende Bronzeteile | Mecauto","description":"Spezialist seit 1989 f\u00fcr die Herstellung von Bronze- und Bronzeteilen, die nach Plan selbstschmiert sind: Geh\u00e4use, Platten und andere Bronzeteile.","robots":{"index":"index","follow":"follow","max-snippet":"max-snippet:-1","max-image-preview":"max-image-preview:large","max-video-preview":"max-video-preview:-1"},"canonical":"https:\/\/www.mecauto.es\/la-fabrica\/fabricante-de-piezas-de-bronce\/","og_locale":"de_DE","og_type":"article","og_title":"Hersteller von Bronze und selbstschmierende Bronzeteile | Mecauto","og_description":"Spezialist seit 1989 f\u00fcr die Herstellung von Bronze- und Bronzeteilen, die nach Plan selbstschmiert sind: Geh\u00e4use, Platten und andere Bronzeteile.","og_url":"https:\/\/www.mecauto.es\/la-fabrica\/fabricante-de-piezas-de-bronce\/","og_site_name":"Mecauto","article_modified_time":"2019-02-21T16:21:01+00:00","twitter_card":"summary_large_image","twitter_misc":{"Gesch\u00e4tzte Lesezeit":"6 Minuten"},"schema":{"@context":"https:\/\/schema.org","@graph":[{"@type":"WebPage","@id":"https:\/\/www.mecauto.es\/la-fabrica\/fabricante-de-piezas-de-bronce\/","url":"https:\/\/www.mecauto.es\/la-fabrica\/fabricante-de-piezas-de-bronce\/","name":"Hersteller von Bronze und selbstschmierende Bronzeteile | Mecauto","isPartOf":{"@id":"https:\/\/www.mecauto.es\/#website"},"datePublished":"2016-09-16T06:54:37+00:00","dateModified":"2019-02-21T16:21:01+00:00","description":"Spezialist seit 1989 f\u00fcr die Herstellung von Bronze- und Bronzeteilen, die nach Plan selbstschmiert sind: Geh\u00e4use, Platten und andere Bronzeteile.","breadcrumb":{"@id":"https:\/\/www.mecauto.es\/la-fabrica\/fabricante-de-piezas-de-bronce\/#breadcrumb"},"inLanguage":"de-DE","potentialAction":[{"@type":"ReadAction","target":["https:\/\/www.mecauto.es\/la-fabrica\/fabricante-de-piezas-de-bronce\/"]}]},{"@type":"BreadcrumbList","@id":"https:\/\/www.mecauto.es\/la-fabrica\/fabricante-de-piezas-de-bronce\/#breadcrumb","itemListElement":[{"@type":"ListItem","position":1,"name":"Portada","item":"https:\/\/www.mecauto.es\/"},{"@type":"ListItem","position":2,"name":"Bronzeteile Hersteller","item":"https:\/\/www.mecauto.es\/la-fabrica\/"},{"@type":"ListItem","position":3,"name":"Bronzeteile Hersteller"}]},{"@type":"WebSite","@id":"https:\/\/www.mecauto.es\/#website","url":"https:\/\/www.mecauto.es\/","name":"Mecauto","description":"","potentialAction":[{"@type":"SearchAction","target":{"@type":"EntryPoint","urlTemplate":"https:\/\/www.mecauto.es\/?s={search_term_string}"},"query-input":{"@type":"PropertyValueSpecification","valueRequired":true,"valueName":"search_term_string"}}],"inLanguage":"de-DE"}]}},"_links":{"self":[{"href":"https:\/\/www.mecauto.es\/de\/wp-json\/wp\/v2\/pages\/3532","targetHints":{"allow":["GET"]}}],"collection":[{"href":"https:\/\/www.mecauto.es\/de\/wp-json\/wp\/v2\/pages"}],"about":[{"href":"https:\/\/www.mecauto.es\/de\/wp-json\/wp\/v2\/types\/page"}],"author":[{"embeddable":true,"href":"https:\/\/www.mecauto.es\/de\/wp-json\/wp\/v2\/users\/127"}],"replies":[{"embeddable":true,"href":"https:\/\/www.mecauto.es\/de\/wp-json\/wp\/v2\/comments?post=3532"}],"version-history":[{"count":0,"href":"https:\/\/www.mecauto.es\/de\/wp-json\/wp\/v2\/pages\/3532\/revisions"}],"up":[{"embeddable":true,"href":"https:\/\/www.mecauto.es\/de\/wp-json\/wp\/v2\/pages\/3571"}],"wp:attachment":[{"href":"https:\/\/www.mecauto.es\/de\/wp-json\/wp\/v2\/media?parent=3532"}],"curies":[{"name":"wp","href":"https:\/\/api.w.org\/{rel}","templated":true}]}}